{"id":14,"date":"2024-06-21T15:53:40","date_gmt":"2024-06-21T18:53:40","guid":{"rendered":"https:\/\/lemos.letsite.com.br\/?page_id=14"},"modified":"2026-04-02T16:53:36","modified_gmt":"2026-04-02T19:53:36","slug":"sobre-nos","status":"publish","type":"page","link":"https:\/\/lemosadv.com.br\/en\/sobre-nos\/","title":{"rendered":"About Us"},"content":{"rendered":"<p><\/p>\n<h2>With over 45 years of experience, Lemos is a business law firm that provides advisory and litigation services.<\/h2>\n<p>With a highly qualified team and the active participation of its top leaders, Lemos stands out for combining legal excellence with modern business management practices, always focused on its clients&#8217; business results and keeping pace with the dynamics of the business world.<\/p>\n<p>The firm is widely recognized in the main national and international legal rankings, such as Chambers and Partners, International Tax Review (ITR) and An\u00e1lise Advocacia, standing out as a reference in various fields.<\/p>\n<p>Its strategic location in Campinas, close to the state capital of S\u00e3o Paulo, makes it easy to access and serve companies from all over the country. Lemos is a reference in areas such as Digital Law, Foreign Trade, Corporate Law, Contract Law, Tax Law, Environmental Law and Sustainability, Civil and Commercial Law, Administrative Law, Labor Law and Mergers and Acquisitions.<\/p>\n<p>The mission of Lemos Advocacia para Neg\u00f3cios is to provide legal services that go beyond expectations, always with a genuine concern for people. This objective is based on a commitment to transparency, legal certainty and a sustainable approach, which is highly valued in the decisions made, allowing the firm to offer tailor-made solutions for companies of all sizes.<\/p>","protected":false},"excerpt":{"rendered":"<h2>With over 45 years of experience, Lemos is a business law firm that combines legal excellence with modern management practices.<\/h2>\n<p>Recognized nationally and internationally, the firm provides advisory and litigation services that excel in various fields. The firm\u2019s mission is to exceed expectations with transparency, legal certainty and a sustainable approach.<\/p>\n","protected":false},"author":1,"featured_media":425,"parent":0,"menu_order":0,"comment_status":"closed","ping_status":"closed","template":"page-sobre.php","meta":{"_acf_changed":false,"footnotes":""},"class_list":["post-14","page","type-page","status-publish","has-post-thumbnail","hentry"],"acf":[],"yoast_head":"<!-- This site is optimized with the Yoast SEO plugin v27.2 - https:\/\/yoast.com\/product\/yoast-seo-wordpress\/ -->\n<title>Conhe\u00e7a o Lemos - Advocacia para Neg\u00f3cios<\/title>\n<meta name=\"description\" content=\"Com mais de 45 anos de experi\u00eancia, o Lemos \u00e9 um escrit\u00f3rio de advocacia empresarial que oferece servi\u00e7os consultivos e contenciosos.\" \/>\n<meta name=\"robots\" content=\"index, follow, max-snippet:-1, max-image-preview:large, max-video-preview:-1\" \/>\n<link rel=\"canonical\" href=\"https:\/\/lemosadv.com.br\/sobre-nos\/\" \/>\n<meta property=\"og:locale\" content=\"en_US\" \/>\n<meta property=\"og:type\" content=\"article\" \/>\n<meta property=\"og:title\" content=\"Conhe\u00e7a o Lemos - Advocacia para Neg\u00f3cios\" \/>\n<meta property=\"og:description\" content=\"Com mais de 45 anos de experi\u00eancia, o Lemos \u00e9 um escrit\u00f3rio de advocacia empresarial que oferece servi\u00e7os consultivos e contenciosos.\" \/>\n<meta property=\"og:url\" content=\"https:\/\/lemosadv.com.br\/sobre-nos\/\" \/>\n<meta property=\"og:site_name\" content=\"Lemos\" \/>\n<meta property=\"article:publisher\" content=\"https:\/\/web.facebook.com\/lemosadvocaciaparanegocios\/\" \/>\n<meta property=\"article:modified_time\" content=\"2026-04-02T19:53:36+00:00\" \/>\n<meta property=\"og:image\" content=\"https:\/\/lemosadv.com.br\/wp-content\/uploads\/2024\/07\/header_sobre_nos.jpg\" \/>\n\t<meta property=\"og:image:width\" content=\"1920\" \/>\n\t<meta property=\"og:image:height\" content=\"1080\" \/>\n\t<meta property=\"og:image:type\" content=\"image\/jpeg\" \/>\n<meta name=\"twitter:card\" content=\"summary_large_image\" \/>\n<meta name=\"twitter:label1\" content=\"Est. reading time\" \/>\n\t<meta name=\"twitter:data1\" content=\"2 minutes\" \/>\n<script type=\"application\/ld+json\" class=\"yoast-schema-graph\">{\"@context\":\"https:\/\/schema.org\",\"@graph\":[{\"@type\":\"WebPage\",\"@id\":\"https:\/\/lemosadv.com.br\/sobre-nos\/\",\"url\":\"https:\/\/lemosadv.com.br\/sobre-nos\/\",\"name\":\"Conhe\u00e7a o Lemos - Advocacia para Neg\u00f3cios\",\"isPartOf\":{\"@id\":\"https:\/\/lemosadv.com.br\/pb\/#website\"},\"primaryImageOfPage\":{\"@id\":\"https:\/\/lemosadv.com.br\/sobre-nos\/#primaryimage\"},\"image\":{\"@id\":\"https:\/\/lemosadv.com.br\/sobre-nos\/#primaryimage\"},\"thumbnailUrl\":\"https:\/\/lemosadv.com.br\/wp-content\/uploads\/2024\/07\/header_sobre_nos.jpg\",\"datePublished\":\"2024-06-21T18:53:40+00:00\",\"dateModified\":\"2026-04-02T19:53:36+00:00\",\"description\":\"Com mais de 45 anos de experi\u00eancia, o Lemos \u00e9 um escrit\u00f3rio de advocacia empresarial que oferece servi\u00e7os consultivos e contenciosos.\",\"breadcrumb\":{\"@id\":\"https:\/\/lemosadv.com.br\/sobre-nos\/#breadcrumb\"},\"inLanguage\":\"en-US\",\"potentialAction\":[{\"@type\":\"ReadAction\",\"target\":[\"https:\/\/lemosadv.com.br\/sobre-nos\/\"]}]},{\"@type\":\"ImageObject\",\"inLanguage\":\"en-US\",\"@id\":\"https:\/\/lemosadv.com.br\/sobre-nos\/#primaryimage\",\"url\":\"https:\/\/lemosadv.com.br\/wp-content\/uploads\/2024\/07\/header_sobre_nos.jpg\",\"contentUrl\":\"https:\/\/lemosadv.com.br\/wp-content\/uploads\/2024\/07\/header_sobre_nos.jpg\",\"width\":1920,\"height\":1080},{\"@type\":\"BreadcrumbList\",\"@id\":\"https:\/\/lemosadv.com.br\/sobre-nos\/#breadcrumb\",\"itemListElement\":[{\"@type\":\"ListItem\",\"position\":1,\"name\":\"In\u00edcio\",\"item\":\"https:\/\/lemosadv.com.br\/pb\/\"},{\"@type\":\"ListItem\",\"position\":2,\"name\":\"Sobre n\u00f3s\"}]},{\"@type\":\"WebSite\",\"@id\":\"https:\/\/lemosadv.com.br\/pb\/#website\",\"url\":\"https:\/\/lemosadv.com.br\/pb\/\",\"name\":\"Lemos \u2013 Advocacia para Neg\u00f3cios\",\"description\":\"Escrit\u00f3rio de Advocacia\",\"publisher\":{\"@id\":\"https:\/\/lemosadv.com.br\/pb\/#organization\"},\"alternateName\":\"Lemos\",\"potentialAction\":[{\"@type\":\"SearchAction\",\"target\":{\"@type\":\"EntryPoint\",\"urlTemplate\":\"https:\/\/lemosadv.com.br\/pb\/?s={search_term_string}\"},\"query-input\":{\"@type\":\"PropertyValueSpecification\",\"valueRequired\":true,\"valueName\":\"search_term_string\"}}],\"inLanguage\":\"en-US\"},{\"@type\":\"Organization\",\"@id\":\"https:\/\/lemosadv.com.br\/pb\/#organization\",\"name\":\"Lemos - Advocacia para neg\u00f3cios\",\"url\":\"https:\/\/lemosadv.com.br\/pb\/\",\"logo\":{\"@type\":\"ImageObject\",\"inLanguage\":\"en-US\",\"@id\":\"https:\/\/lemosadv.com.br\/pb\/#\/schema\/logo\/image\/\",\"url\":\"https:\/\/lemosadv.com.br\/wp-content\/uploads\/2024\/06\/favicon.png\",\"contentUrl\":\"https:\/\/lemosadv.com.br\/wp-content\/uploads\/2024\/06\/favicon.png\",\"width\":512,\"height\":512,\"caption\":\"Lemos - Advocacia para neg\u00f3cios\"},\"image\":{\"@id\":\"https:\/\/lemosadv.com.br\/pb\/#\/schema\/logo\/image\/\"},\"sameAs\":[\"https:\/\/web.facebook.com\/lemosadvocaciaparanegocios\/\",\"https:\/\/www.instagram.com\/lemosadv_\/\",\"https:\/\/www.linkedin.com\/company\/lemosadvocacia\"]}]}<\/script>\n<!-- \/ Yoast SEO plugin. -->","yoast_head_json":{"title":"Conhe\u00e7a o Lemos - Advocacia para Neg\u00f3cios","description":"Com mais de 45 anos de experi\u00eancia, o Lemos \u00e9 um escrit\u00f3rio de advocacia empresarial que oferece servi\u00e7os consultivos e contenciosos.","robots":{"index":"index","follow":"follow","max-snippet":"max-snippet:-1","max-image-preview":"max-image-preview:large","max-video-preview":"max-video-preview:-1"},"canonical":"https:\/\/lemosadv.com.br\/sobre-nos\/","og_locale":"en_US","og_type":"article","og_title":"Conhe\u00e7a o Lemos - Advocacia para Neg\u00f3cios","og_description":"Com mais de 45 anos de experi\u00eancia, o Lemos \u00e9 um escrit\u00f3rio de advocacia empresarial que oferece servi\u00e7os consultivos e contenciosos.","og_url":"https:\/\/lemosadv.com.br\/sobre-nos\/","og_site_name":"Lemos","article_publisher":"https:\/\/web.facebook.com\/lemosadvocaciaparanegocios\/","article_modified_time":"2026-04-02T19:53:36+00:00","og_image":[{"width":1920,"height":1080,"url":"https:\/\/lemosadv.com.br\/wp-content\/uploads\/2024\/07\/header_sobre_nos.jpg","type":"image\/jpeg"}],"twitter_card":"summary_large_image","twitter_misc":{"Est. reading time":"2 minutes"},"schema":{"@context":"https:\/\/schema.org","@graph":[{"@type":"WebPage","@id":"https:\/\/lemosadv.com.br\/sobre-nos\/","url":"https:\/\/lemosadv.com.br\/sobre-nos\/","name":"Conhe\u00e7a o Lemos - Advocacia para Neg\u00f3cios","isPartOf":{"@id":"https:\/\/lemosadv.com.br\/pb\/#website"},"primaryImageOfPage":{"@id":"https:\/\/lemosadv.com.br\/sobre-nos\/#primaryimage"},"image":{"@id":"https:\/\/lemosadv.com.br\/sobre-nos\/#primaryimage"},"thumbnailUrl":"https:\/\/lemosadv.com.br\/wp-content\/uploads\/2024\/07\/header_sobre_nos.jpg","datePublished":"2024-06-21T18:53:40+00:00","dateModified":"2026-04-02T19:53:36+00:00","description":"Com mais de 45 anos de experi\u00eancia, o Lemos \u00e9 um escrit\u00f3rio de advocacia empresarial que oferece servi\u00e7os consultivos e contenciosos.","breadcrumb":{"@id":"https:\/\/lemosadv.com.br\/sobre-nos\/#breadcrumb"},"inLanguage":"en-US","potentialAction":[{"@type":"ReadAction","target":["https:\/\/lemosadv.com.br\/sobre-nos\/"]}]},{"@type":"ImageObject","inLanguage":"en-US","@id":"https:\/\/lemosadv.com.br\/sobre-nos\/#primaryimage","url":"https:\/\/lemosadv.com.br\/wp-content\/uploads\/2024\/07\/header_sobre_nos.jpg","contentUrl":"https:\/\/lemosadv.com.br\/wp-content\/uploads\/2024\/07\/header_sobre_nos.jpg","width":1920,"height":1080},{"@type":"BreadcrumbList","@id":"https:\/\/lemosadv.com.br\/sobre-nos\/#breadcrumb","itemListElement":[{"@type":"ListItem","position":1,"name":"In\u00edcio","item":"https:\/\/lemosadv.com.br\/pb\/"},{"@type":"ListItem","position":2,"name":"Sobre n\u00f3s"}]},{"@type":"WebSite","@id":"https:\/\/lemosadv.com.br\/pb\/#website","url":"https:\/\/lemosadv.com.br\/pb\/","name":"Lemos \u2013 Advocacia para Neg\u00f3cios","description":"Escrit\u00f3rio de Advocacia","publisher":{"@id":"https:\/\/lemosadv.com.br\/pb\/#organization"},"alternateName":"Lemos","potentialAction":[{"@type":"SearchAction","target":{"@type":"EntryPoint","urlTemplate":"https:\/\/lemosadv.com.br\/pb\/?s={search_term_string}"},"query-input":{"@type":"PropertyValueSpecification","valueRequired":true,"valueName":"search_term_string"}}],"inLanguage":"en-US"},{"@type":"Organization","@id":"https:\/\/lemosadv.com.br\/pb\/#organization","name":"Lemos - Advocacia para neg\u00f3cios","url":"https:\/\/lemosadv.com.br\/pb\/","logo":{"@type":"ImageObject","inLanguage":"en-US","@id":"https:\/\/lemosadv.com.br\/pb\/#\/schema\/logo\/image\/","url":"https:\/\/lemosadv.com.br\/wp-content\/uploads\/2024\/06\/favicon.png","contentUrl":"https:\/\/lemosadv.com.br\/wp-content\/uploads\/2024\/06\/favicon.png","width":512,"height":512,"caption":"Lemos - Advocacia para neg\u00f3cios"},"image":{"@id":"https:\/\/lemosadv.com.br\/pb\/#\/schema\/logo\/image\/"},"sameAs":["https:\/\/web.facebook.com\/lemosadvocaciaparanegocios\/","https:\/\/www.instagram.com\/lemosadv_\/","https:\/\/www.linkedin.com\/company\/lemosadvocacia"]}]}},"_links":{"self":[{"href":"https:\/\/lemosadv.com.br\/en\/wp-json\/wp\/v2\/pages\/14","targetHints":{"allow":["GET"]}}],"collection":[{"href":"https:\/\/lemosadv.com.br\/en\/wp-json\/wp\/v2\/pages"}],"about":[{"href":"https:\/\/lemosadv.com.br\/en\/wp-json\/wp\/v2\/types\/page"}],"author":[{"embeddable":true,"href":"https:\/\/lemosadv.com.br\/en\/wp-json\/wp\/v2\/users\/1"}],"replies":[{"embeddable":true,"href":"https:\/\/lemosadv.com.br\/en\/wp-json\/wp\/v2\/comments?post=14"}],"version-history":[{"count":14,"href":"https:\/\/lemosadv.com.br\/en\/wp-json\/wp\/v2\/pages\/14\/revisions"}],"predecessor-version":[{"id":2284,"href":"https:\/\/lemosadv.com.br\/en\/wp-json\/wp\/v2\/pages\/14\/revisions\/2284"}],"wp:featuredmedia":[{"embeddable":true,"href":"https:\/\/lemosadv.com.br\/en\/wp-json\/wp\/v2\/media\/425"}],"wp:attachment":[{"href":"https:\/\/lemosadv.com.br\/en\/wp-json\/wp\/v2\/media?parent=14"}],"curies":[{"name":"wp","href":"https:\/\/api.w.org\/{rel}","templated":true}]}}