{"id":18,"date":"2024-06-21T15:54:03","date_gmt":"2024-06-21T18:54:03","guid":{"rendered":"https:\/\/lemos.letsite.com.br\/?page_id=18"},"modified":"2024-09-23T16:46:43","modified_gmt":"2024-09-23T19:46:43","slug":"profissionais","status":"publish","type":"page","link":"https:\/\/lemosadv.com.br\/en\/profissionais\/","title":{"rendered":"Professionals"},"content":{"rendered":"<p>Lemos\u2019 multidisciplinary team is highly qualified to assist clients in finding suitable solutions for each type of business. Focused on obtaining results and presenting intelligent legal solutions, Lemos team combines deep knowledge of the legislation and the necessary understanding of the business of each client to the recognized solidity and seriousness in its conduct, adopting itself the highest principles of compliance.<\/p>","protected":false},"excerpt":{"rendered":"<p class=\"qtranxs-available-languages-message qtranxs-available-languages-message-en\">Sorry, this entry is only available in <a href=\"https:\/\/lemosadv.com.br\/pb\/wp-json\/wp\/v2\/pages\/18\" class=\"qtranxs-available-language-link qtranxs-available-language-link-pb\" title=\"pt\">pt<\/a>.<\/p>\n","protected":false},"author":1,"featured_media":228,"parent":0,"menu_order":0,"comment_status":"closed","ping_status":"closed","template":"page-profissionais.php","meta":{"_acf_changed":false,"footnotes":""},"class_list":["post-18","page","type-page","status-publish","has-post-thumbnail","hentry"],"acf":[],"yoast_head":"<!-- This site is optimized with the Yoast SEO plugin v27.2 - https:\/\/yoast.com\/product\/yoast-seo-wordpress\/ -->\n<title>Advogados do Lemos - Advocacia para Neg\u00f3cios<\/title>\n<meta name=\"description\" content=\"A equipe do Lemos alia o profundo conhecimento da legisla\u00e7\u00e3o e o necess\u00e1rio entendimento do neg\u00f3cio de cada cliente\" \/>\n<meta name=\"robots\" content=\"index, follow, max-snippet:-1, max-image-preview:large, max-video-preview:-1\" \/>\n<link rel=\"canonical\" href=\"https:\/\/lemosadv.com.br\/pb\/profissionais\/\" \/>\n<meta property=\"og:locale\" content=\"en_US\" \/>\n<meta property=\"og:type\" content=\"article\" \/>\n<meta property=\"og:title\" content=\"Advogados do Lemos - Advocacia para Neg\u00f3cios\" \/>\n<meta property=\"og:description\" content=\"A equipe do Lemos alia o profundo conhecimento da legisla\u00e7\u00e3o e o necess\u00e1rio entendimento do neg\u00f3cio de cada cliente\" \/>\n<meta property=\"og:url\" content=\"https:\/\/lemosadv.com.br\/pb\/profissionais\/\" \/>\n<meta property=\"og:site_name\" content=\"Lemos\" \/>\n<meta property=\"article:publisher\" content=\"https:\/\/web.facebook.com\/lemosadvocaciaparanegocios\/\" \/>\n<meta property=\"article:modified_time\" content=\"2024-09-23T19:46:43+00:00\" \/>\n<meta property=\"og:image\" content=\"https:\/\/lemosadv.com.br\/wp-content\/uploads\/2024\/07\/02header_profissionais.jpg\" \/>\n\t<meta property=\"og:image:width\" content=\"1920\" \/>\n\t<meta property=\"og:image:height\" content=\"801\" \/>\n\t<meta property=\"og:image:type\" content=\"image\/jpeg\" \/>\n<meta name=\"twitter:card\" content=\"summary_large_image\" \/>\n<meta name=\"twitter:label1\" content=\"Est. reading time\" \/>\n\t<meta name=\"twitter:data1\" content=\"1 minute\" \/>\n<script type=\"application\/ld+json\" class=\"yoast-schema-graph\">{\"@context\":\"https:\/\/schema.org\",\"@graph\":[{\"@type\":\"WebPage\",\"@id\":\"https:\/\/lemosadv.com.br\/pb\/profissionais\/\",\"url\":\"https:\/\/lemosadv.com.br\/pb\/profissionais\/\",\"name\":\"Advogados do Lemos - Advocacia para Neg\u00f3cios\",\"isPartOf\":{\"@id\":\"https:\/\/lemosadv.com.br\/pb\/#website\"},\"primaryImageOfPage\":{\"@id\":\"https:\/\/lemosadv.com.br\/pb\/profissionais\/#primaryimage\"},\"image\":{\"@id\":\"https:\/\/lemosadv.com.br\/pb\/profissionais\/#primaryimage\"},\"thumbnailUrl\":\"https:\/\/lemosadv.com.br\/wp-content\/uploads\/2024\/07\/02header_profissionais.jpg\",\"datePublished\":\"2024-06-21T18:54:03+00:00\",\"dateModified\":\"2024-09-23T19:46:43+00:00\",\"description\":\"A equipe do Lemos alia o profundo conhecimento da legisla\u00e7\u00e3o e o necess\u00e1rio entendimento do neg\u00f3cio de cada cliente\",\"breadcrumb\":{\"@id\":\"https:\/\/lemosadv.com.br\/pb\/profissionais\/#breadcrumb\"},\"inLanguage\":\"en-US\",\"potentialAction\":[{\"@type\":\"ReadAction\",\"target\":[\"https:\/\/lemosadv.com.br\/pb\/profissionais\/\"]}]},{\"@type\":\"ImageObject\",\"inLanguage\":\"en-US\",\"@id\":\"https:\/\/lemosadv.com.br\/pb\/profissionais\/#primaryimage\",\"url\":\"https:\/\/lemosadv.com.br\/wp-content\/uploads\/2024\/07\/02header_profissionais.jpg\",\"contentUrl\":\"https:\/\/lemosadv.com.br\/wp-content\/uploads\/2024\/07\/02header_profissionais.jpg\",\"width\":1920,\"height\":801},{\"@type\":\"BreadcrumbList\",\"@id\":\"https:\/\/lemosadv.com.br\/pb\/profissionais\/#breadcrumb\",\"itemListElement\":[{\"@type\":\"ListItem\",\"position\":1,\"name\":\"In\u00edcio\",\"item\":\"https:\/\/lemosadv.com.br\/pb\/\"},{\"@type\":\"ListItem\",\"position\":2,\"name\":\"Profissionais\"}]},{\"@type\":\"WebSite\",\"@id\":\"https:\/\/lemosadv.com.br\/pb\/#website\",\"url\":\"https:\/\/lemosadv.com.br\/pb\/\",\"name\":\"Lemos \u2013 Advocacia para Neg\u00f3cios\",\"description\":\"Escrit\u00f3rio de Advocacia\",\"publisher\":{\"@id\":\"https:\/\/lemosadv.com.br\/pb\/#organization\"},\"alternateName\":\"Lemos\",\"potentialAction\":[{\"@type\":\"SearchAction\",\"target\":{\"@type\":\"EntryPoint\",\"urlTemplate\":\"https:\/\/lemosadv.com.br\/pb\/?s={search_term_string}\"},\"query-input\":{\"@type\":\"PropertyValueSpecification\",\"valueRequired\":true,\"valueName\":\"search_term_string\"}}],\"inLanguage\":\"en-US\"},{\"@type\":\"Organization\",\"@id\":\"https:\/\/lemosadv.com.br\/pb\/#organization\",\"name\":\"Lemos - Advocacia para neg\u00f3cios\",\"url\":\"https:\/\/lemosadv.com.br\/pb\/\",\"logo\":{\"@type\":\"ImageObject\",\"inLanguage\":\"en-US\",\"@id\":\"https:\/\/lemosadv.com.br\/pb\/#\/schema\/logo\/image\/\",\"url\":\"https:\/\/lemosadv.com.br\/wp-content\/uploads\/2024\/06\/favicon.png\",\"contentUrl\":\"https:\/\/lemosadv.com.br\/wp-content\/uploads\/2024\/06\/favicon.png\",\"width\":512,\"height\":512,\"caption\":\"Lemos - Advocacia para neg\u00f3cios\"},\"image\":{\"@id\":\"https:\/\/lemosadv.com.br\/pb\/#\/schema\/logo\/image\/\"},\"sameAs\":[\"https:\/\/web.facebook.com\/lemosadvocaciaparanegocios\/\",\"https:\/\/www.instagram.com\/lemosadv_\/\",\"https:\/\/www.linkedin.com\/company\/lemosadvocacia\"]}]}<\/script>\n<!-- \/ Yoast SEO plugin. -->","yoast_head_json":{"title":"Advogados do Lemos - Advocacia para Neg\u00f3cios","description":"A equipe do Lemos alia o profundo conhecimento da legisla\u00e7\u00e3o e o necess\u00e1rio entendimento do neg\u00f3cio de cada cliente","robots":{"index":"index","follow":"follow","max-snippet":"max-snippet:-1","max-image-preview":"max-image-preview:large","max-video-preview":"max-video-preview:-1"},"canonical":"https:\/\/lemosadv.com.br\/pb\/profissionais\/","og_locale":"en_US","og_type":"article","og_title":"Advogados do Lemos - Advocacia para Neg\u00f3cios","og_description":"A equipe do Lemos alia o profundo conhecimento da legisla\u00e7\u00e3o e o necess\u00e1rio entendimento do neg\u00f3cio de cada cliente","og_url":"https:\/\/lemosadv.com.br\/pb\/profissionais\/","og_site_name":"Lemos","article_publisher":"https:\/\/web.facebook.com\/lemosadvocaciaparanegocios\/","article_modified_time":"2024-09-23T19:46:43+00:00","og_image":[{"width":1920,"height":801,"url":"https:\/\/lemosadv.com.br\/wp-content\/uploads\/2024\/07\/02header_profissionais.jpg","type":"image\/jpeg"}],"twitter_card":"summary_large_image","twitter_misc":{"Est. reading time":"1 minute"},"schema":{"@context":"https:\/\/schema.org","@graph":[{"@type":"WebPage","@id":"https:\/\/lemosadv.com.br\/pb\/profissionais\/","url":"https:\/\/lemosadv.com.br\/pb\/profissionais\/","name":"Advogados do Lemos - Advocacia para Neg\u00f3cios","isPartOf":{"@id":"https:\/\/lemosadv.com.br\/pb\/#website"},"primaryImageOfPage":{"@id":"https:\/\/lemosadv.com.br\/pb\/profissionais\/#primaryimage"},"image":{"@id":"https:\/\/lemosadv.com.br\/pb\/profissionais\/#primaryimage"},"thumbnailUrl":"https:\/\/lemosadv.com.br\/wp-content\/uploads\/2024\/07\/02header_profissionais.jpg","datePublished":"2024-06-21T18:54:03+00:00","dateModified":"2024-09-23T19:46:43+00:00","description":"A equipe do Lemos alia o profundo conhecimento da legisla\u00e7\u00e3o e o necess\u00e1rio entendimento do neg\u00f3cio de cada cliente","breadcrumb":{"@id":"https:\/\/lemosadv.com.br\/pb\/profissionais\/#breadcrumb"},"inLanguage":"en-US","potentialAction":[{"@type":"ReadAction","target":["https:\/\/lemosadv.com.br\/pb\/profissionais\/"]}]},{"@type":"ImageObject","inLanguage":"en-US","@id":"https:\/\/lemosadv.com.br\/pb\/profissionais\/#primaryimage","url":"https:\/\/lemosadv.com.br\/wp-content\/uploads\/2024\/07\/02header_profissionais.jpg","contentUrl":"https:\/\/lemosadv.com.br\/wp-content\/uploads\/2024\/07\/02header_profissionais.jpg","width":1920,"height":801},{"@type":"BreadcrumbList","@id":"https:\/\/lemosadv.com.br\/pb\/profissionais\/#breadcrumb","itemListElement":[{"@type":"ListItem","position":1,"name":"In\u00edcio","item":"https:\/\/lemosadv.com.br\/pb\/"},{"@type":"ListItem","position":2,"name":"Profissionais"}]},{"@type":"WebSite","@id":"https:\/\/lemosadv.com.br\/pb\/#website","url":"https:\/\/lemosadv.com.br\/pb\/","name":"Lemos \u2013 Advocacia para Neg\u00f3cios","description":"Escrit\u00f3rio de Advocacia","publisher":{"@id":"https:\/\/lemosadv.com.br\/pb\/#organization"},"alternateName":"Lemos","potentialAction":[{"@type":"SearchAction","target":{"@type":"EntryPoint","urlTemplate":"https:\/\/lemosadv.com.br\/pb\/?s={search_term_string}"},"query-input":{"@type":"PropertyValueSpecification","valueRequired":true,"valueName":"search_term_string"}}],"inLanguage":"en-US"},{"@type":"Organization","@id":"https:\/\/lemosadv.com.br\/pb\/#organization","name":"Lemos - Advocacia para neg\u00f3cios","url":"https:\/\/lemosadv.com.br\/pb\/","logo":{"@type":"ImageObject","inLanguage":"en-US","@id":"https:\/\/lemosadv.com.br\/pb\/#\/schema\/logo\/image\/","url":"https:\/\/lemosadv.com.br\/wp-content\/uploads\/2024\/06\/favicon.png","contentUrl":"https:\/\/lemosadv.com.br\/wp-content\/uploads\/2024\/06\/favicon.png","width":512,"height":512,"caption":"Lemos - Advocacia para neg\u00f3cios"},"image":{"@id":"https:\/\/lemosadv.com.br\/pb\/#\/schema\/logo\/image\/"},"sameAs":["https:\/\/web.facebook.com\/lemosadvocaciaparanegocios\/","https:\/\/www.instagram.com\/lemosadv_\/","https:\/\/www.linkedin.com\/company\/lemosadvocacia"]}]}},"_links":{"self":[{"href":"https:\/\/lemosadv.com.br\/en\/wp-json\/wp\/v2\/pages\/18","targetHints":{"allow":["GET"]}}],"collection":[{"href":"https:\/\/lemosadv.com.br\/en\/wp-json\/wp\/v2\/pages"}],"about":[{"href":"https:\/\/lemosadv.com.br\/en\/wp-json\/wp\/v2\/types\/page"}],"author":[{"embeddable":true,"href":"https:\/\/lemosadv.com.br\/en\/wp-json\/wp\/v2\/users\/1"}],"replies":[{"embeddable":true,"href":"https:\/\/lemosadv.com.br\/en\/wp-json\/wp\/v2\/comments?post=18"}],"version-history":[{"count":3,"href":"https:\/\/lemosadv.com.br\/en\/wp-json\/wp\/v2\/pages\/18\/revisions"}],"predecessor-version":[{"id":513,"href":"https:\/\/lemosadv.com.br\/en\/wp-json\/wp\/v2\/pages\/18\/revisions\/513"}],"wp:featuredmedia":[{"embeddable":true,"href":"https:\/\/lemosadv.com.br\/en\/wp-json\/wp\/v2\/media\/228"}],"wp:attachment":[{"href":"https:\/\/lemosadv.com.br\/en\/wp-json\/wp\/v2\/media?parent=18"}],"curies":[{"name":"wp","href":"https:\/\/api.w.org\/{rel}","templated":true}]}}