{"id":12,"date":"2024-06-21T15:53:30","date_gmt":"2024-06-21T18:53:30","guid":{"rendered":"https:\/\/lemos.letsite.com.br\/?page_id=12"},"modified":"2024-09-23T16:41:48","modified_gmt":"2024-09-23T19:41:48","slug":"home","status":"publish","type":"page","link":"https:\/\/lemosadv.com.br\/pb\/","title":{"rendered":"Home"},"content":{"rendered":"<p><\/p>\n<h2>\u00daltimos Podcasts<\/h2>\n<p><\/p>","protected":false},"excerpt":{"rendered":"<p>Com mais de 45 anos de atua\u00e7\u00e3o, o Lemos \u00e9 um escrit\u00f3rio de advocacia empresarial que alia excel\u00eancia jur\u00eddica a pr\u00e1ticas de gest\u00e3o modernas.<\/p>\n","protected":false},"author":1,"featured_media":0,"parent":0,"menu_order":0,"comment_status":"closed","ping_status":"closed","template":"index.php","meta":{"_acf_changed":false,"footnotes":""},"class_list":["post-12","page","type-page","status-publish","hentry"],"acf":[],"yoast_head":"<!-- This site is optimized with the Yoast SEO plugin v27.2 - https:\/\/yoast.com\/product\/yoast-seo-wordpress\/ -->\n<title>Lemos \u2013 Advocacia Para Neg\u00f3cios<\/title>\n<meta name=\"description\" content=\"Com mais de 45 anos de atua\u00e7\u00e3o, o Lemos \u00e9 um escrit\u00f3rio de advocacia empresarial que alia excel\u00eancia jur\u00eddica a pr\u00e1ticas de gest\u00e3o modernas.\" \/>\n<meta name=\"robots\" content=\"index, follow, max-snippet:-1, max-image-preview:large, max-video-preview:-1\" \/>\n<link rel=\"canonical\" href=\"https:\/\/lemosadv.com.br\/pb\/\" \/>\n<meta property=\"og:locale\" content=\"pt_BR\" \/>\n<meta property=\"og:type\" content=\"article\" \/>\n<meta property=\"og:title\" content=\"Lemos \u2013 Advocacia Para Neg\u00f3cios\" \/>\n<meta property=\"og:description\" content=\"Com mais de 45 anos de atua\u00e7\u00e3o, o Lemos \u00e9 um escrit\u00f3rio de advocacia empresarial que alia excel\u00eancia jur\u00eddica a pr\u00e1ticas de gest\u00e3o modernas.\" \/>\n<meta property=\"og:url\" content=\"https:\/\/lemosadv.com.br\/pb\/\" \/>\n<meta property=\"og:site_name\" content=\"Lemos - Advocacia para neg\u00f3cios\" \/>\n<meta property=\"article:publisher\" content=\"https:\/\/web.facebook.com\/lemosadvocaciaparanegocios\/\" \/>\n<meta property=\"article:modified_time\" content=\"2024-09-23T19:41:48+00:00\" \/>\n<meta property=\"og:image\" content=\"https:\/\/lemosadv.com.br\/wp-content\/uploads\/2024\/06\/favicon.png\" \/>\n\t<meta property=\"og:image:width\" content=\"512\" \/>\n\t<meta property=\"og:image:height\" content=\"512\" \/>\n\t<meta property=\"og:image:type\" content=\"image\/png\" \/>\n<meta name=\"twitter:card\" content=\"summary_large_image\" \/>\n<meta name=\"twitter:label1\" content=\"Est. tempo de leitura\" \/>\n\t<meta name=\"twitter:data1\" content=\"1 minuto\" \/>\n<script type=\"application\/ld+json\" class=\"yoast-schema-graph\">{\"@context\":\"https:\/\/schema.org\",\"@graph\":[{\"@type\":\"WebPage\",\"@id\":\"https:\/\/lemosadv.com.br\/pb\/\",\"url\":\"https:\/\/lemosadv.com.br\/pb\/\",\"name\":\"Lemos \u2013 Advocacia Para Neg\u00f3cios\",\"isPartOf\":{\"@id\":\"https:\/\/lemosadv.com.br\/pb\/#website\"},\"datePublished\":\"2024-06-21T18:53:30+00:00\",\"dateModified\":\"2024-09-23T19:41:48+00:00\",\"description\":\"Com mais de 45 anos de atua\u00e7\u00e3o, o Lemos \u00e9 um escrit\u00f3rio de advocacia empresarial que alia excel\u00eancia jur\u00eddica a pr\u00e1ticas de gest\u00e3o modernas.\",\"breadcrumb\":{\"@id\":\"https:\/\/lemosadv.com.br\/pb\/#breadcrumb\"},\"inLanguage\":\"pt-BR\",\"potentialAction\":[{\"@type\":\"ReadAction\",\"target\":[\"https:\/\/lemosadv.com.br\/pb\/\"]}]},{\"@type\":\"BreadcrumbList\",\"@id\":\"https:\/\/lemosadv.com.br\/pb\/#breadcrumb\",\"itemListElement\":[{\"@type\":\"ListItem\",\"position\":1,\"name\":\"In\u00edcio\",\"item\":\"https:\/\/lemosadv.com.br\/pb\/\"},{\"@type\":\"ListItem\",\"position\":2,\"name\":\"Home\"}]},{\"@type\":\"WebSite\",\"@id\":\"https:\/\/lemosadv.com.br\/pb\/#website\",\"url\":\"https:\/\/lemosadv.com.br\/pb\/\",\"name\":\"Lemos \u2013 Advocacia para Neg\u00f3cios\",\"description\":\"Escrit\u00f3rio de Advocacia\",\"publisher\":{\"@id\":\"https:\/\/lemosadv.com.br\/pb\/#organization\"},\"alternateName\":\"Lemos\",\"potentialAction\":[{\"@type\":\"SearchAction\",\"target\":{\"@type\":\"EntryPoint\",\"urlTemplate\":\"https:\/\/lemosadv.com.br\/pb\/?s={search_term_string}\"},\"query-input\":{\"@type\":\"PropertyValueSpecification\",\"valueRequired\":true,\"valueName\":\"search_term_string\"}}],\"inLanguage\":\"pt-BR\"},{\"@type\":\"Organization\",\"@id\":\"https:\/\/lemosadv.com.br\/pb\/#organization\",\"name\":\"Lemos - Advocacia para neg\u00f3cios\",\"url\":\"https:\/\/lemosadv.com.br\/pb\/\",\"logo\":{\"@type\":\"ImageObject\",\"inLanguage\":\"pt-BR\",\"@id\":\"https:\/\/lemosadv.com.br\/pb\/#\/schema\/logo\/image\/\",\"url\":\"https:\/\/lemosadv.com.br\/wp-content\/uploads\/2024\/06\/favicon.png\",\"contentUrl\":\"https:\/\/lemosadv.com.br\/wp-content\/uploads\/2024\/06\/favicon.png\",\"width\":512,\"height\":512,\"caption\":\"Lemos - Advocacia para neg\u00f3cios\"},\"image\":{\"@id\":\"https:\/\/lemosadv.com.br\/pb\/#\/schema\/logo\/image\/\"},\"sameAs\":[\"https:\/\/web.facebook.com\/lemosadvocaciaparanegocios\/\",\"https:\/\/www.instagram.com\/lemosadv_\/\",\"https:\/\/www.linkedin.com\/company\/lemosadvocacia\"]}]}<\/script>\n<!-- \/ Yoast SEO plugin. -->","yoast_head_json":{"title":"Lemos \u2013 Advocacia Para Neg\u00f3cios","description":"Com mais de 45 anos de atua\u00e7\u00e3o, o Lemos \u00e9 um escrit\u00f3rio de advocacia empresarial que alia excel\u00eancia jur\u00eddica a pr\u00e1ticas de gest\u00e3o modernas.","robots":{"index":"index","follow":"follow","max-snippet":"max-snippet:-1","max-image-preview":"max-image-preview:large","max-video-preview":"max-video-preview:-1"},"canonical":"https:\/\/lemosadv.com.br\/pb\/","og_locale":"pt_BR","og_type":"article","og_title":"Lemos \u2013 Advocacia Para Neg\u00f3cios","og_description":"Com mais de 45 anos de atua\u00e7\u00e3o, o Lemos \u00e9 um escrit\u00f3rio de advocacia empresarial que alia excel\u00eancia jur\u00eddica a pr\u00e1ticas de gest\u00e3o modernas.","og_url":"https:\/\/lemosadv.com.br\/pb\/","og_site_name":"Lemos - Advocacia para neg\u00f3cios","article_publisher":"https:\/\/web.facebook.com\/lemosadvocaciaparanegocios\/","article_modified_time":"2024-09-23T19:41:48+00:00","og_image":[{"width":512,"height":512,"url":"https:\/\/lemosadv.com.br\/wp-content\/uploads\/2024\/06\/favicon.png","type":"image\/png"}],"twitter_card":"summary_large_image","twitter_misc":{"Est. tempo de leitura":"1 minuto"},"schema":{"@context":"https:\/\/schema.org","@graph":[{"@type":"WebPage","@id":"https:\/\/lemosadv.com.br\/pb\/","url":"https:\/\/lemosadv.com.br\/pb\/","name":"Lemos \u2013 Advocacia Para Neg\u00f3cios","isPartOf":{"@id":"https:\/\/lemosadv.com.br\/pb\/#website"},"datePublished":"2024-06-21T18:53:30+00:00","dateModified":"2024-09-23T19:41:48+00:00","description":"Com mais de 45 anos de atua\u00e7\u00e3o, o Lemos \u00e9 um escrit\u00f3rio de advocacia empresarial que alia excel\u00eancia jur\u00eddica a pr\u00e1ticas de gest\u00e3o modernas.","breadcrumb":{"@id":"https:\/\/lemosadv.com.br\/pb\/#breadcrumb"},"inLanguage":"pt-BR","potentialAction":[{"@type":"ReadAction","target":["https:\/\/lemosadv.com.br\/pb\/"]}]},{"@type":"BreadcrumbList","@id":"https:\/\/lemosadv.com.br\/pb\/#breadcrumb","itemListElement":[{"@type":"ListItem","position":1,"name":"In\u00edcio","item":"https:\/\/lemosadv.com.br\/pb\/"},{"@type":"ListItem","position":2,"name":"Home"}]},{"@type":"WebSite","@id":"https:\/\/lemosadv.com.br\/pb\/#website","url":"https:\/\/lemosadv.com.br\/pb\/","name":"Lemos \u2013 Advocacia para Neg\u00f3cios","description":"Escrit\u00f3rio de Advocacia","publisher":{"@id":"https:\/\/lemosadv.com.br\/pb\/#organization"},"alternateName":"Lemos","potentialAction":[{"@type":"SearchAction","target":{"@type":"EntryPoint","urlTemplate":"https:\/\/lemosadv.com.br\/pb\/?s={search_term_string}"},"query-input":{"@type":"PropertyValueSpecification","valueRequired":true,"valueName":"search_term_string"}}],"inLanguage":"pt-BR"},{"@type":"Organization","@id":"https:\/\/lemosadv.com.br\/pb\/#organization","name":"Lemos - Advocacia para neg\u00f3cios","url":"https:\/\/lemosadv.com.br\/pb\/","logo":{"@type":"ImageObject","inLanguage":"pt-BR","@id":"https:\/\/lemosadv.com.br\/pb\/#\/schema\/logo\/image\/","url":"https:\/\/lemosadv.com.br\/wp-content\/uploads\/2024\/06\/favicon.png","contentUrl":"https:\/\/lemosadv.com.br\/wp-content\/uploads\/2024\/06\/favicon.png","width":512,"height":512,"caption":"Lemos - Advocacia para neg\u00f3cios"},"image":{"@id":"https:\/\/lemosadv.com.br\/pb\/#\/schema\/logo\/image\/"},"sameAs":["https:\/\/web.facebook.com\/lemosadvocaciaparanegocios\/","https:\/\/www.instagram.com\/lemosadv_\/","https:\/\/www.linkedin.com\/company\/lemosadvocacia"]}]}},"_links":{"self":[{"href":"https:\/\/lemosadv.com.br\/pb\/wp-json\/wp\/v2\/pages\/12","targetHints":{"allow":["GET"]}}],"collection":[{"href":"https:\/\/lemosadv.com.br\/pb\/wp-json\/wp\/v2\/pages"}],"about":[{"href":"https:\/\/lemosadv.com.br\/pb\/wp-json\/wp\/v2\/types\/page"}],"author":[{"embeddable":true,"href":"https:\/\/lemosadv.com.br\/pb\/wp-json\/wp\/v2\/users\/1"}],"replies":[{"embeddable":true,"href":"https:\/\/lemosadv.com.br\/pb\/wp-json\/wp\/v2\/comments?post=12"}],"version-history":[{"count":7,"href":"https:\/\/lemosadv.com.br\/pb\/wp-json\/wp\/v2\/pages\/12\/revisions"}],"predecessor-version":[{"id":512,"href":"https:\/\/lemosadv.com.br\/pb\/wp-json\/wp\/v2\/pages\/12\/revisions\/512"}],"wp:attachment":[{"href":"https:\/\/lemosadv.com.br\/pb\/wp-json\/wp\/v2\/media?parent=12"}],"curies":[{"name":"wp","href":"https:\/\/api.w.org\/{rel}","templated":true}]}}