{"id":14,"date":"2024-06-21T15:53:40","date_gmt":"2024-06-21T18:53:40","guid":{"rendered":"https:\/\/lemos.letsite.com.br\/?page_id=14"},"modified":"2026-04-02T16:53:36","modified_gmt":"2026-04-02T19:53:36","slug":"sobre-nos","status":"publish","type":"page","link":"https:\/\/lemosadv.com.br\/pb\/sobre-nos\/","title":{"rendered":"Sobre n\u00f3s"},"content":{"rendered":"<p><\/p>\n<h2>Com mais de 45 anos de experi\u00eancia, o Lemos \u00e9 um escrit\u00f3rio de advocacia empresarial que oferece servi\u00e7os consultivos e contenciosos.<\/h2>\n<p>Com uma equipe altamente qualificada e a participa\u00e7\u00e3o ativa de suas principais lideran\u00e7as, o Lemos se destaca por aliar excel\u00eancia jur\u00eddica a pr\u00e1ticas de gest\u00e3o empresarial modernas, sempre focado nos resultados dos neg\u00f3cios de seus clientes e acompanhando a din\u00e2mica do universo corporativo.<\/p>\n<p>O escrit\u00f3rio \u00e9 amplamente reconhecido nos principais rankings jur\u00eddicos nacionais e internacionais, como Chambers and Partners, International Tax Review (ITR) e An\u00e1lise Advocacia, destacando-se como uma refer\u00eancia em diversas \u00e1reas do direito.<\/p>\n<p>A localiza\u00e7\u00e3o estrat\u00e9gica em Campinas, pr\u00f3ximo \u00e0 capital do Estado de S\u00e3o Paulo, facilita o acesso e o atendimento a empresas de todo o pa\u00eds. O Lemos \u00e9 refer\u00eancia em \u00e1reas como Direito Digital, Com\u00e9rcio Exterior, Direito Societ\u00e1rio, Direito Contratual, Direito Tribut\u00e1rio, Direito Ambiental e Sustentabilidade, Direito Civil e Empresarial, Direito Administrativo, Direito Trabalhista e Fus\u00f5es e Aquisi\u00e7\u00f5es.<\/p>\n<p>A miss\u00e3o do Lemos Advocacia para Neg\u00f3cios \u00e9 proporcionar uma experi\u00eancia de consultoria jur\u00eddica que vai al\u00e9m das expectativas, sempre com uma preocupa\u00e7\u00e3o genu\u00edna com as pessoas. Esse objetivo \u00e9 constru\u00eddo por meio do compromisso com a transpar\u00eancia, da seguran\u00e7a jur\u00eddica e da abordagem sustent\u00e1vel, altamente valorizada nas decis\u00f5es tomadas, o que permite ao escrit\u00f3rio oferecer solu\u00e7\u00f5es sob medida para empresas de todos os portes.<\/p>","protected":false},"excerpt":{"rendered":"<h2>Com mais de 45 anos de atua\u00e7\u00e3o, o Lemos \u00e9 um escrit\u00f3rio de advocacia empresarial que alia excel\u00eancia jur\u00eddica a pr\u00e1ticas de gest\u00e3o modernas.<\/h2>\n<p>Oferecendo servi\u00e7os consultivos e contenciosos, o escrit\u00f3rio \u00e9 reconhecido nacional e internacionalmente, destacando-se em diversas \u00e1reas do direito. Sua miss\u00e3o \u00e9 superar expectativas com transpar\u00eancia, seguran\u00e7a jur\u00eddica e uma abordagem sustent\u00e1vel.<\/p>\n","protected":false},"author":1,"featured_media":425,"parent":0,"menu_order":0,"comment_status":"closed","ping_status":"closed","template":"page-sobre.php","meta":{"_acf_changed":false,"footnotes":""},"class_list":["post-14","page","type-page","status-publish","has-post-thumbnail","hentry"],"acf":[],"yoast_head":"<!-- This site is optimized with the Yoast SEO plugin v27.6 - https:\/\/yoast.com\/product\/yoast-seo-wordpress\/ -->\n<title>Conhe\u00e7a o Lemos - Advocacia para Neg\u00f3cios<\/title>\n<meta name=\"description\" content=\"Com mais de 45 anos de experi\u00eancia, o Lemos \u00e9 um escrit\u00f3rio de advocacia empresarial que oferece servi\u00e7os consultivos e contenciosos.\" \/>\n<meta name=\"robots\" content=\"index, follow, max-snippet:-1, max-image-preview:large, max-video-preview:-1\" \/>\n<link rel=\"canonical\" href=\"https:\/\/lemosadv.com.br\/sobre-nos\/\" \/>\n<meta property=\"og:locale\" content=\"pt_BR\" \/>\n<meta property=\"og:type\" content=\"article\" \/>\n<meta property=\"og:title\" content=\"Conhe\u00e7a o Lemos - Advocacia para Neg\u00f3cios\" \/>\n<meta property=\"og:description\" content=\"Com mais de 45 anos de experi\u00eancia, o Lemos \u00e9 um escrit\u00f3rio de advocacia empresarial que oferece servi\u00e7os consultivos e contenciosos.\" \/>\n<meta property=\"og:url\" content=\"https:\/\/lemosadv.com.br\/sobre-nos\/\" \/>\n<meta property=\"og:site_name\" content=\"Lemos - Advocacia para neg\u00f3cios\" \/>\n<meta property=\"article:publisher\" content=\"https:\/\/web.facebook.com\/lemosadvocaciaparanegocios\/\" \/>\n<meta property=\"article:modified_time\" content=\"2026-04-02T19:53:36+00:00\" \/>\n<meta property=\"og:image\" content=\"https:\/\/lemosadv.com.br\/wp-content\/uploads\/2024\/07\/header_sobre_nos.jpg\" \/>\n\t<meta property=\"og:image:width\" content=\"1920\" \/>\n\t<meta property=\"og:image:height\" content=\"1080\" \/>\n\t<meta property=\"og:image:type\" content=\"image\/jpeg\" \/>\n<meta name=\"twitter:card\" content=\"summary_large_image\" \/>\n<meta name=\"twitter:label1\" content=\"Est. tempo de leitura\" \/>\n\t<meta name=\"twitter:data1\" content=\"2 minutos\" \/>\n<script type=\"application\/ld+json\" class=\"yoast-schema-graph\">{\"@context\":\"https:\\\/\\\/schema.org\",\"@graph\":[{\"@type\":\"WebPage\",\"@id\":\"https:\\\/\\\/lemosadv.com.br\\\/sobre-nos\\\/\",\"url\":\"https:\\\/\\\/lemosadv.com.br\\\/sobre-nos\\\/\",\"name\":\"Conhe\u00e7a o Lemos - Advocacia para Neg\u00f3cios\",\"isPartOf\":{\"@id\":\"https:\\\/\\\/lemosadv.com.br\\\/pb\\\/#website\"},\"primaryImageOfPage\":{\"@id\":\"https:\\\/\\\/lemosadv.com.br\\\/sobre-nos\\\/#primaryimage\"},\"image\":{\"@id\":\"https:\\\/\\\/lemosadv.com.br\\\/sobre-nos\\\/#primaryimage\"},\"thumbnailUrl\":\"https:\\\/\\\/lemosadv.com.br\\\/wp-content\\\/uploads\\\/2024\\\/07\\\/header_sobre_nos.jpg\",\"datePublished\":\"2024-06-21T18:53:40+00:00\",\"dateModified\":\"2026-04-02T19:53:36+00:00\",\"description\":\"Com mais de 45 anos de experi\u00eancia, o Lemos \u00e9 um escrit\u00f3rio de advocacia empresarial que oferece servi\u00e7os consultivos e contenciosos.\",\"breadcrumb\":{\"@id\":\"https:\\\/\\\/lemosadv.com.br\\\/sobre-nos\\\/#breadcrumb\"},\"inLanguage\":\"pt-BR\",\"potentialAction\":[{\"@type\":\"ReadAction\",\"target\":[\"https:\\\/\\\/lemosadv.com.br\\\/sobre-nos\\\/\"]}]},{\"@type\":\"ImageObject\",\"inLanguage\":\"pt-BR\",\"@id\":\"https:\\\/\\\/lemosadv.com.br\\\/sobre-nos\\\/#primaryimage\",\"url\":\"https:\\\/\\\/lemosadv.com.br\\\/wp-content\\\/uploads\\\/2024\\\/07\\\/header_sobre_nos.jpg\",\"contentUrl\":\"https:\\\/\\\/lemosadv.com.br\\\/wp-content\\\/uploads\\\/2024\\\/07\\\/header_sobre_nos.jpg\",\"width\":1920,\"height\":1080},{\"@type\":\"BreadcrumbList\",\"@id\":\"https:\\\/\\\/lemosadv.com.br\\\/sobre-nos\\\/#breadcrumb\",\"itemListElement\":[{\"@type\":\"ListItem\",\"position\":1,\"name\":\"In\u00edcio\",\"item\":\"https:\\\/\\\/lemosadv.com.br\\\/pb\\\/\"},{\"@type\":\"ListItem\",\"position\":2,\"name\":\"Sobre n\u00f3s\"}]},{\"@type\":\"WebSite\",\"@id\":\"https:\\\/\\\/lemosadv.com.br\\\/pb\\\/#website\",\"url\":\"https:\\\/\\\/lemosadv.com.br\\\/pb\\\/\",\"name\":\"Lemos \u2013 Advocacia para Neg\u00f3cios\",\"description\":\"Escrit\u00f3rio de Advocacia\",\"publisher\":{\"@id\":\"https:\\\/\\\/lemosadv.com.br\\\/pb\\\/#organization\"},\"alternateName\":\"Lemos\",\"potentialAction\":[{\"@type\":\"SearchAction\",\"target\":{\"@type\":\"EntryPoint\",\"urlTemplate\":\"https:\\\/\\\/lemosadv.com.br\\\/pb\\\/?s={search_term_string}\"},\"query-input\":{\"@type\":\"PropertyValueSpecification\",\"valueRequired\":true,\"valueName\":\"search_term_string\"}}],\"inLanguage\":\"pt-BR\"},{\"@type\":\"Organization\",\"@id\":\"https:\\\/\\\/lemosadv.com.br\\\/pb\\\/#organization\",\"name\":\"Lemos - Advocacia para neg\u00f3cios\",\"url\":\"https:\\\/\\\/lemosadv.com.br\\\/pb\\\/\",\"logo\":{\"@type\":\"ImageObject\",\"inLanguage\":\"pt-BR\",\"@id\":\"https:\\\/\\\/lemosadv.com.br\\\/pb\\\/#\\\/schema\\\/logo\\\/image\\\/\",\"url\":\"https:\\\/\\\/lemosadv.com.br\\\/wp-content\\\/uploads\\\/2024\\\/06\\\/favicon.png\",\"contentUrl\":\"https:\\\/\\\/lemosadv.com.br\\\/wp-content\\\/uploads\\\/2024\\\/06\\\/favicon.png\",\"width\":512,\"height\":512,\"caption\":\"Lemos - Advocacia para neg\u00f3cios\"},\"image\":{\"@id\":\"https:\\\/\\\/lemosadv.com.br\\\/pb\\\/#\\\/schema\\\/logo\\\/image\\\/\"},\"sameAs\":[\"https:\\\/\\\/web.facebook.com\\\/lemosadvocaciaparanegocios\\\/\",\"https:\\\/\\\/www.instagram.com\\\/lemosadv_\\\/\",\"https:\\\/\\\/www.linkedin.com\\\/company\\\/lemosadvocacia\"]}]}<\/script>\n<!-- \/ Yoast SEO plugin. -->","yoast_head_json":{"title":"Conhe\u00e7a o Lemos - Advocacia para Neg\u00f3cios","description":"Com mais de 45 anos de experi\u00eancia, o Lemos \u00e9 um escrit\u00f3rio de advocacia empresarial que oferece servi\u00e7os consultivos e contenciosos.","robots":{"index":"index","follow":"follow","max-snippet":"max-snippet:-1","max-image-preview":"max-image-preview:large","max-video-preview":"max-video-preview:-1"},"canonical":"https:\/\/lemosadv.com.br\/sobre-nos\/","og_locale":"pt_BR","og_type":"article","og_title":"Conhe\u00e7a o Lemos - Advocacia para Neg\u00f3cios","og_description":"Com mais de 45 anos de experi\u00eancia, o Lemos \u00e9 um escrit\u00f3rio de advocacia empresarial que oferece servi\u00e7os consultivos e contenciosos.","og_url":"https:\/\/lemosadv.com.br\/sobre-nos\/","og_site_name":"Lemos - Advocacia para neg\u00f3cios","article_publisher":"https:\/\/web.facebook.com\/lemosadvocaciaparanegocios\/","article_modified_time":"2026-04-02T19:53:36+00:00","og_image":[{"width":1920,"height":1080,"url":"https:\/\/lemosadv.com.br\/wp-content\/uploads\/2024\/07\/header_sobre_nos.jpg","type":"image\/jpeg"}],"twitter_card":"summary_large_image","twitter_misc":{"Est. tempo de leitura":"2 minutos"},"schema":{"@context":"https:\/\/schema.org","@graph":[{"@type":"WebPage","@id":"https:\/\/lemosadv.com.br\/sobre-nos\/","url":"https:\/\/lemosadv.com.br\/sobre-nos\/","name":"Conhe\u00e7a o Lemos - Advocacia para Neg\u00f3cios","isPartOf":{"@id":"https:\/\/lemosadv.com.br\/pb\/#website"},"primaryImageOfPage":{"@id":"https:\/\/lemosadv.com.br\/sobre-nos\/#primaryimage"},"image":{"@id":"https:\/\/lemosadv.com.br\/sobre-nos\/#primaryimage"},"thumbnailUrl":"https:\/\/lemosadv.com.br\/wp-content\/uploads\/2024\/07\/header_sobre_nos.jpg","datePublished":"2024-06-21T18:53:40+00:00","dateModified":"2026-04-02T19:53:36+00:00","description":"Com mais de 45 anos de experi\u00eancia, o Lemos \u00e9 um escrit\u00f3rio de advocacia empresarial que oferece servi\u00e7os consultivos e contenciosos.","breadcrumb":{"@id":"https:\/\/lemosadv.com.br\/sobre-nos\/#breadcrumb"},"inLanguage":"pt-BR","potentialAction":[{"@type":"ReadAction","target":["https:\/\/lemosadv.com.br\/sobre-nos\/"]}]},{"@type":"ImageObject","inLanguage":"pt-BR","@id":"https:\/\/lemosadv.com.br\/sobre-nos\/#primaryimage","url":"https:\/\/lemosadv.com.br\/wp-content\/uploads\/2024\/07\/header_sobre_nos.jpg","contentUrl":"https:\/\/lemosadv.com.br\/wp-content\/uploads\/2024\/07\/header_sobre_nos.jpg","width":1920,"height":1080},{"@type":"BreadcrumbList","@id":"https:\/\/lemosadv.com.br\/sobre-nos\/#breadcrumb","itemListElement":[{"@type":"ListItem","position":1,"name":"In\u00edcio","item":"https:\/\/lemosadv.com.br\/pb\/"},{"@type":"ListItem","position":2,"name":"Sobre n\u00f3s"}]},{"@type":"WebSite","@id":"https:\/\/lemosadv.com.br\/pb\/#website","url":"https:\/\/lemosadv.com.br\/pb\/","name":"Lemos \u2013 Advocacia para Neg\u00f3cios","description":"Escrit\u00f3rio de Advocacia","publisher":{"@id":"https:\/\/lemosadv.com.br\/pb\/#organization"},"alternateName":"Lemos","potentialAction":[{"@type":"SearchAction","target":{"@type":"EntryPoint","urlTemplate":"https:\/\/lemosadv.com.br\/pb\/?s={search_term_string}"},"query-input":{"@type":"PropertyValueSpecification","valueRequired":true,"valueName":"search_term_string"}}],"inLanguage":"pt-BR"},{"@type":"Organization","@id":"https:\/\/lemosadv.com.br\/pb\/#organization","name":"Lemos - Advocacia para neg\u00f3cios","url":"https:\/\/lemosadv.com.br\/pb\/","logo":{"@type":"ImageObject","inLanguage":"pt-BR","@id":"https:\/\/lemosadv.com.br\/pb\/#\/schema\/logo\/image\/","url":"https:\/\/lemosadv.com.br\/wp-content\/uploads\/2024\/06\/favicon.png","contentUrl":"https:\/\/lemosadv.com.br\/wp-content\/uploads\/2024\/06\/favicon.png","width":512,"height":512,"caption":"Lemos - Advocacia para neg\u00f3cios"},"image":{"@id":"https:\/\/lemosadv.com.br\/pb\/#\/schema\/logo\/image\/"},"sameAs":["https:\/\/web.facebook.com\/lemosadvocaciaparanegocios\/","https:\/\/www.instagram.com\/lemosadv_\/","https:\/\/www.linkedin.com\/company\/lemosadvocacia"]}]}},"_links":{"self":[{"href":"https:\/\/lemosadv.com.br\/pb\/wp-json\/wp\/v2\/pages\/14","targetHints":{"allow":["GET"]}}],"collection":[{"href":"https:\/\/lemosadv.com.br\/pb\/wp-json\/wp\/v2\/pages"}],"about":[{"href":"https:\/\/lemosadv.com.br\/pb\/wp-json\/wp\/v2\/types\/page"}],"author":[{"embeddable":true,"href":"https:\/\/lemosadv.com.br\/pb\/wp-json\/wp\/v2\/users\/1"}],"replies":[{"embeddable":true,"href":"https:\/\/lemosadv.com.br\/pb\/wp-json\/wp\/v2\/comments?post=14"}],"version-history":[{"count":24,"href":"https:\/\/lemosadv.com.br\/pb\/wp-json\/wp\/v2\/pages\/14\/revisions"}],"predecessor-version":[{"id":2284,"href":"https:\/\/lemosadv.com.br\/pb\/wp-json\/wp\/v2\/pages\/14\/revisions\/2284"}],"wp:featuredmedia":[{"embeddable":true,"href":"https:\/\/lemosadv.com.br\/pb\/wp-json\/wp\/v2\/media\/425"}],"wp:attachment":[{"href":"https:\/\/lemosadv.com.br\/pb\/wp-json\/wp\/v2\/media?parent=14"}],"curies":[{"name":"wp","href":"https:\/\/api.w.org\/{rel}","templated":true}]}}