{"id":172,"date":"2024-06-26T14:55:19","date_gmt":"2024-06-26T17:55:19","guid":{"rendered":"https:\/\/lemos.letsite.com.br\/?page_id=172"},"modified":"2025-06-05T14:15:02","modified_gmt":"2025-06-05T17:15:02","slug":"politica-de-privacidade","status":"publish","type":"page","link":"https:\/\/lemosadv.com.br\/pb\/politica-de-privacidade\/","title":{"rendered":"Pol\u00edtica de privacidade"},"content":{"rendered":"<p>Pol\u00edtica de Privacidade<\/p>\n<p>1. Informa\u00e7\u00f5es pessoais que coletamos<\/p>\n<p>Ao visitar nosso site, registramos dados como frequ\u00eancia de uso, data e hora de acesso, quando voc\u00ea v\u00ea ou clica em um conte\u00fado espec\u00edfico e suas prefer\u00eancias de conte\u00fado. Usamos informa\u00e7\u00f5es de quando voc\u00ea faz login, l\u00ea nossos e-mails e endere\u00e7os de protocolo da Internet (IP) para identific\u00e1-lo e registrar seu uso na Plataforma.<\/p>\n<p>N\u00e3o tomamos nenhuma decis\u00e3o com base em perfis, com exce\u00e7\u00e3o da personaliza\u00e7\u00e3o de an\u00fancios publicit\u00e1rios e para fins de preven\u00e7\u00e3o leg\u00edtima de fraudes na internet.<\/p>\n<p>Obtemos algumas informa\u00e7\u00f5es por meio de outras plataformas, por exemplo, quando voc\u00ea registra-se via Facebook ou tecnologias similares. Essas informa\u00e7\u00f5es podem incluir textos pessoais ou imagens dispon\u00edveis em um site externo.<\/p>\n<p>2. Prop\u00f3sito<\/p>\n<p>O escrit\u00f3rio Lemos Advocacia para Neg\u00f3cios , como Respons\u00e1vel da Parte de Tratamento de Dados, lidar\u00e1 com seus dados pessoais para os seguintes prop\u00f3sitos:<\/p>\n<p>\u2013 Gerenciar seu registro como usu\u00e1rio da plataforma. Para identificar e dar acesso aos servi\u00e7os dispon\u00edveis para usu\u00e1rios registrados;<\/p>\n<p>\u2013 Entrar em contato via e-mail sobre atualiza\u00e7\u00f5es ou informa\u00e7\u00f5es relacionadas a recursos, produtos ou servi\u00e7os e atualiza\u00e7\u00f5es. Contanto que sejam necess\u00e1rias ou razo\u00e1veis;<\/p>\n<p>\u2013 Responder a qualquer solicita\u00e7\u00e3o ou consulta realizada atrav\u00e9s dos canais de atendimento ao cliente dispon\u00edveis em nossa plataforma;<\/p>\n<p>\u2013 Usar suas informa\u00e7\u00f5es para gerar dados n\u00e3o identificados agregados. Por exemplo, gerar estat\u00edsticas sobre usu\u00e1rios, seus trabalhos ou \u00e1reas de especializa\u00e7\u00e3o, n\u00famero de impress\u00f5es ou cliques em um projeto espec\u00edfico ou dados demogr\u00e1ficos do visitante.<\/p>\n<p>Por motivos de seguran\u00e7a, o uso desse recurso pode exigir a altera\u00e7\u00e3o de sua senha. Lembre-se, a seguran\u00e7a da plataforma tamb\u00e9m depende do uso e armazenamento corretos de senhas confidenciais.<\/p>\n<p>3. Uso dos dados<\/p>\n<p>Com o objetivo de melhorar nossos servi\u00e7os, saiba que informa\u00e7\u00f5es pessoais relacionadas \u00e0s suas compras, interesses e prefer\u00eancias podem ser usadas pelo Lemos Advocacia para Neg\u00f3cios para fins de an\u00e1lise, perfis de usu\u00e1rios, estudos de marketing, pesquisas de qualidade e melhoria na intera\u00e7\u00e3o com nossos clientes. O servi\u00e7o pode implicar o uso de seus dados pessoais, com o seu consentimento expresso, para disponibilizar publicidade personalizada relacionada aos nossos produtos e servi\u00e7os, por meio de e-mails ou outros meios de comunica\u00e7\u00e3o eletr\u00f4nica, por n\u00f3s ou de terceiros colaboradores.<\/p>\n<p>Voc\u00ea poder\u00e1 cancelar suas notifica\u00e7\u00f5es seguindo as instru\u00e7\u00f5es em cada comunica\u00e7\u00e3o recebida.<\/p>\n<p>4. Per\u00edodo de reten\u00e7\u00e3o de dados<\/p>\n<p>Seus dados pessoais ser\u00e3o mantidos enquanto mantivermos uma rela\u00e7\u00e3o contratual v\u00e1lida e, ap\u00f3s isso, pelo per\u00edodo determinado para quaisquer obriga\u00e7\u00f5es decorrentes do tratamento dos dados ou conforme estabelecido por lei.<\/p>\n<p>5. Quem obt\u00e9m seus dados<\/p>\n<p>Para cumprir os usos indicados nesta Pol\u00edtica de Privacidade, pode ser necess\u00e1rio denunciar ou liberar seus dados pessoais para terceiros pelos seguintes motivos:<\/p>\n<p>Transfer\u00eancias Comerciais: referente a qualquer reorganiza\u00e7\u00e3o, reestrutura\u00e7\u00e3o, fus\u00e3o ou venda, ou qualquer outra transfer\u00eancia de ativos, incluindo pessoal, desde que a parte receptora concorde em tratar suas informa\u00e7\u00f5es pessoais conforme nossa atual Pol\u00edtica de Privacidade;<\/p>\n<p>Prestadores de Servi\u00e7os: para prestar servi\u00e7os em nosso nome ou para nos ajudar a fornecer nossos servi\u00e7os. Por exemplo, contratamos provedores de servi\u00e7os para processar transa\u00e7\u00f5es de cart\u00e3o de cr\u00e9dito ou outros m\u00e9todos de pagamento, prestar servi\u00e7os de marketing, publicidade, comunica\u00e7\u00e3o, infraestrutura e TI, personalizar e melhorar nossos servi\u00e7os, prestar atendimento ao cliente, cobrar d\u00edvidas, analisar e melhorar dados (como dados sobre a intera\u00e7\u00e3o do usu\u00e1rio com nossos servi\u00e7os), processar e gerenciar pesquisas de satisfa\u00e7\u00e3o. Visando a efici\u00eancia, esses parceiros e provedores podem estar sediados nos EUA ou em outros pa\u00edses, ou territ\u00f3rios fora da \u00c1rea Econ\u00f4mica Europeia, e podem n\u00e3o possuir um n\u00edvel de prote\u00e7\u00e3o de dados compar\u00e1vel ao do seu pa\u00eds ou da Uni\u00e3o Europeia.<\/p>\n<p>Quando voc\u00ea concorda com esta Pol\u00edtica de Privacidade, voc\u00ea est\u00e1 especificamente nos autorizando a manusear e liberar seus dados pessoais para os provedores de servi\u00e7os respons\u00e1veis pelo tratamento de dados e\/ou reportar seus dados pessoais aos parceiros mencionados, que est\u00e3o fora da \u00c1rea Econ\u00f4mica Europeia, para os prop\u00f3sitos descritos aqui e te oferecer um servi\u00e7o completo. Quando divulgamos informa\u00e7\u00f5es pessoais e trocamos dados com pa\u00edses fora do Espa\u00e7o Econ\u00f4mico Europeu e outras \u00e1reas com leis de prote\u00e7\u00e3o de dados, garantimos que as informa\u00e7\u00f5es est\u00e3o sendo transferidas em conformidade com esta Pol\u00edtica de Privacidade e com as leis atuais de prote\u00e7\u00e3o de dados.<\/p>\n<p>6. Direitos de Prote\u00e7\u00e3o de Dados<\/p>\n<p>Como Parte Respons\u00e1vel pelo Tratamento de Dados, estamos comprometidos em respeitar a natureza confidencial de seus dados pessoais e garantir o pleno exerc\u00edcio desses direitos. Voc\u00ea ter\u00e1 os seguintes direitos:<\/p>\n<p>\u2013 Direito de acesso: Voc\u00ea tem o direito de confirmar se estamos processando seus dados pessoais e, se o tivermos, voc\u00ea tem o direito de obter uma c\u00f3pia desses dados e informa\u00e7\u00f5es referentes ao manuseio;<\/p>\n<p>\u2013 Direito de emendar: Voc\u00ea tem o direito de corrigir erros, alterar informa\u00e7\u00f5es incompletas ou incorretas e garantir a autenticidade dos dados que est\u00e3o sendo tratados;<\/p>\n<p>\u2013 Direito de apagar: Voc\u00ea tem o direito de solicitar a exclus\u00e3o dos seus dados sem atrasos indevidos, se eles estiverem sendo manipulados indevidamente ou se o fim para o qual foram utilizados ou coletados tenha deixado de existir;<\/p>\n<p>\u2013 Direito \u00e0 limita\u00e7\u00e3o de manuseio: Voc\u00ea tem o direito de solicitar que a suspens\u00e3o do tratamento de suas informa\u00e7\u00f5es seja ilegal ou a exatid\u00e3o dos dados tenha sido contestada;<\/p>\n<p>\u2013 Direito de se opor: Voc\u00ea tem o direito de se opor ao manuseio de seus dados quando estes forem utilizados para fins de marketing direto ou quando o tratamento for encerrado devido situa\u00e7\u00e3o pessoal, exceto quando houver leg\u00edtimo interesse ou for necess\u00e1rio para o exerc\u00edcio ou defesa de reivindica\u00e7\u00f5es;<\/p>\n<p>\u2013 Direito de n\u00e3o ser submetido a decis\u00f5es personalizadas: Voc\u00ea tem o direito de n\u00e3o ser submetido a uma decis\u00e3o exclusivamente baseada no tratamento autom\u00e1tico de seus dados, incluindo perfis, com efeitos legais vinculantes ou que o afetem, exceto quando necess\u00e1rio para a execu\u00e7\u00e3o de um contrato, conforme permitido pela lei ou se voc\u00ea autorizou expressamente.<\/p>\n<p>Para exercer esses direitos, envie um e-mail para:\u00a0<a href=\"https:\/\/atendimento@lemosadv.com.br\/\" target=\"_blank\" rel=\"noopener noreferrer\">lemos@lemosadv.com.br<\/a>\u00a0indicando sua (I) identidade, compartilhando seu nome completo e endere\u00e7o de e-mail usado para registrar ou fazer uma compra, um ID para estabelecer sua identidade e (II) o direito (ou direitos) que voc\u00ea est\u00e1 exercendo. O exerc\u00edcio de tais direitos \u00e9 gratuito, exceto quando os pedidos s\u00e3o deliberadamente infundados ou excessivos, caso em que o indiv\u00edduo ser\u00e1 obrigado a arcar com os custos de processamento.<\/p>\n<p>7. Informa\u00e7\u00e3o sobre Cookies<\/p>\n<p>Utilizamos cookies, pequenos arquivos com informa\u00e7\u00f5es sobre sua navega\u00e7\u00e3o, nesta plataforma, principalmente para permitir uma melhor experi\u00eancia de navega\u00e7\u00e3o do usu\u00e1rio. Por favor, leia nossa Pol\u00edtica de Cookies para saber mais sobre os cookies que utilizamos, sua finalidade e outras informa\u00e7\u00f5es \u00fateis.<\/p>\n<p>8. Altera\u00e7\u00f5es<\/p>\n<p>Atualizaremos esta Pol\u00edtica de Privacidade ocasionalmente e conforme exigido por modifica\u00e7\u00f5es legais, regulamentares ou operacionais. Notificaremos tais altera\u00e7\u00f5es (incluindo a data efetiva), conforme exigido por lei.<\/p>\n<p>9. Respons\u00e1vel pelo tratamento de dados pessoais<\/p>\n<p><strong>Adriana Senna Pessoto Garibe<\/strong><br \/>\ne-mail: adriana.garibe@lemosadv.com.br<br \/>\ntelefone: + 55 19 37969300<\/p>","protected":false},"excerpt":{"rendered":"<p>Pol\u00edtica de Privacidade 1. Informa\u00e7\u00f5es pessoais que coletamos Ao visitar nosso site, registramos dados como frequ\u00eancia de uso, data e hora de acesso, quando voc\u00ea [&hellip;]<\/p>\n","protected":false},"author":1,"featured_media":127,"parent":0,"menu_order":0,"comment_status":"closed","ping_status":"closed","template":"","meta":{"_acf_changed":false,"footnotes":""},"class_list":["post-172","page","type-page","status-publish","has-post-thumbnail","hentry"],"acf":[],"yoast_head":"<!-- This site is optimized with the Yoast SEO plugin v27.2 - https:\/\/yoast.com\/product\/yoast-seo-wordpress\/ -->\n<title>Pol\u00edtica de privacidade &#8211; Lemos - Advocacia para neg\u00f3cios<\/title>\n<meta name=\"robots\" content=\"index, follow, max-snippet:-1, max-image-preview:large, max-video-preview:-1\" \/>\n<link rel=\"canonical\" href=\"https:\/\/lemosadv.com.br\/politica-de-privacidade\/\" \/>\n<meta property=\"og:locale\" content=\"pt_BR\" \/>\n<meta property=\"og:type\" content=\"article\" \/>\n<meta property=\"og:title\" content=\"[:pb]Pol\u00edtica de privacidade[:en]Privacy Policy[:] &#8211; Lemos - Advocacia para neg\u00f3cios\" \/>\n<meta property=\"og:description\" content=\"Pol\u00edtica de Privacidade 1. Informa\u00e7\u00f5es pessoais que coletamos Ao visitar nosso site, registramos dados como frequ\u00eancia de uso, data e hora de acesso, quando voc\u00ea [&hellip;]\" \/>\n<meta property=\"og:url\" content=\"https:\/\/lemosadv.com.br\/politica-de-privacidade\/\" \/>\n<meta property=\"og:site_name\" content=\"Lemos - Advocacia para neg\u00f3cios\" \/>\n<meta property=\"article:publisher\" content=\"https:\/\/web.facebook.com\/lemosadvocaciaparanegocios\/\" \/>\n<meta property=\"article:modified_time\" content=\"2025-06-05T17:15:02+00:00\" \/>\n<meta property=\"og:image\" content=\"https:\/\/lemosadv.com.br\/wp-content\/uploads\/2024\/06\/header_areas.jpg\" \/>\n\t<meta property=\"og:image:width\" content=\"1920\" \/>\n\t<meta property=\"og:image:height\" content=\"1080\" \/>\n\t<meta property=\"og:image:type\" content=\"image\/jpeg\" \/>\n<meta name=\"twitter:card\" content=\"summary_large_image\" \/>\n<meta name=\"twitter:label1\" content=\"Est. tempo de leitura\" \/>\n\t<meta name=\"twitter:data1\" content=\"7 minutos\" \/>\n<script type=\"application\/ld+json\" class=\"yoast-schema-graph\">{\"@context\":\"https:\/\/schema.org\",\"@graph\":[{\"@type\":\"WebPage\",\"@id\":\"https:\/\/lemosadv.com.br\/politica-de-privacidade\/\",\"url\":\"https:\/\/lemosadv.com.br\/politica-de-privacidade\/\",\"name\":\"[:pb]Pol\u00edtica de privacidade[:en]Privacy Policy[:] &#8211; Lemos - Advocacia para neg\u00f3cios\",\"isPartOf\":{\"@id\":\"https:\/\/lemosadv.com.br\/pb\/#website\"},\"primaryImageOfPage\":{\"@id\":\"https:\/\/lemosadv.com.br\/politica-de-privacidade\/#primaryimage\"},\"image\":{\"@id\":\"https:\/\/lemosadv.com.br\/politica-de-privacidade\/#primaryimage\"},\"thumbnailUrl\":\"https:\/\/lemosadv.com.br\/wp-content\/uploads\/2024\/06\/header_areas.jpg\",\"datePublished\":\"2024-06-26T17:55:19+00:00\",\"dateModified\":\"2025-06-05T17:15:02+00:00\",\"breadcrumb\":{\"@id\":\"https:\/\/lemosadv.com.br\/politica-de-privacidade\/#breadcrumb\"},\"inLanguage\":\"pt-BR\",\"potentialAction\":[{\"@type\":\"ReadAction\",\"target\":[\"https:\/\/lemosadv.com.br\/politica-de-privacidade\/\"]}]},{\"@type\":\"ImageObject\",\"inLanguage\":\"pt-BR\",\"@id\":\"https:\/\/lemosadv.com.br\/politica-de-privacidade\/#primaryimage\",\"url\":\"https:\/\/lemosadv.com.br\/wp-content\/uploads\/2024\/06\/header_areas.jpg\",\"contentUrl\":\"https:\/\/lemosadv.com.br\/wp-content\/uploads\/2024\/06\/header_areas.jpg\",\"width\":1920,\"height\":1080},{\"@type\":\"BreadcrumbList\",\"@id\":\"https:\/\/lemosadv.com.br\/politica-de-privacidade\/#breadcrumb\",\"itemListElement\":[{\"@type\":\"ListItem\",\"position\":1,\"name\":\"In\u00edcio\",\"item\":\"https:\/\/lemosadv.com.br\/pb\/\"},{\"@type\":\"ListItem\",\"position\":2,\"name\":\"Pol\u00edtica de privacidade\"}]},{\"@type\":\"WebSite\",\"@id\":\"https:\/\/lemosadv.com.br\/pb\/#website\",\"url\":\"https:\/\/lemosadv.com.br\/pb\/\",\"name\":\"Lemos \u2013 Advocacia para Neg\u00f3cios\",\"description\":\"Escrit\u00f3rio de Advocacia\",\"publisher\":{\"@id\":\"https:\/\/lemosadv.com.br\/pb\/#organization\"},\"alternateName\":\"Lemos\",\"potentialAction\":[{\"@type\":\"SearchAction\",\"target\":{\"@type\":\"EntryPoint\",\"urlTemplate\":\"https:\/\/lemosadv.com.br\/pb\/?s={search_term_string}\"},\"query-input\":{\"@type\":\"PropertyValueSpecification\",\"valueRequired\":true,\"valueName\":\"search_term_string\"}}],\"inLanguage\":\"pt-BR\"},{\"@type\":\"Organization\",\"@id\":\"https:\/\/lemosadv.com.br\/pb\/#organization\",\"name\":\"Lemos - Advocacia para neg\u00f3cios\",\"url\":\"https:\/\/lemosadv.com.br\/pb\/\",\"logo\":{\"@type\":\"ImageObject\",\"inLanguage\":\"pt-BR\",\"@id\":\"https:\/\/lemosadv.com.br\/pb\/#\/schema\/logo\/image\/\",\"url\":\"https:\/\/lemosadv.com.br\/wp-content\/uploads\/2024\/06\/favicon.png\",\"contentUrl\":\"https:\/\/lemosadv.com.br\/wp-content\/uploads\/2024\/06\/favicon.png\",\"width\":512,\"height\":512,\"caption\":\"Lemos - Advocacia para neg\u00f3cios\"},\"image\":{\"@id\":\"https:\/\/lemosadv.com.br\/pb\/#\/schema\/logo\/image\/\"},\"sameAs\":[\"https:\/\/web.facebook.com\/lemosadvocaciaparanegocios\/\",\"https:\/\/www.instagram.com\/lemosadv_\/\",\"https:\/\/www.linkedin.com\/company\/lemosadvocacia\"]}]}<\/script>\n<!-- \/ Yoast SEO plugin. -->","yoast_head_json":{"title":"[:pb]Pol\u00edtica de privacidade[:en]Privacy Policy[:] &#8211; Lemos - Advocacia para neg\u00f3cios","robots":{"index":"index","follow":"follow","max-snippet":"max-snippet:-1","max-image-preview":"max-image-preview:large","max-video-preview":"max-video-preview:-1"},"canonical":"https:\/\/lemosadv.com.br\/politica-de-privacidade\/","og_locale":"pt_BR","og_type":"article","og_title":"[:pb]Pol\u00edtica de privacidade[:en]Privacy Policy[:] &#8211; Lemos - Advocacia para neg\u00f3cios","og_description":"Pol\u00edtica de Privacidade 1. Informa\u00e7\u00f5es pessoais que coletamos Ao visitar nosso site, registramos dados como frequ\u00eancia de uso, data e hora de acesso, quando voc\u00ea [&hellip;]","og_url":"https:\/\/lemosadv.com.br\/politica-de-privacidade\/","og_site_name":"Lemos - Advocacia para neg\u00f3cios","article_publisher":"https:\/\/web.facebook.com\/lemosadvocaciaparanegocios\/","article_modified_time":"2025-06-05T17:15:02+00:00","og_image":[{"width":1920,"height":1080,"url":"https:\/\/lemosadv.com.br\/wp-content\/uploads\/2024\/06\/header_areas.jpg","type":"image\/jpeg"}],"twitter_card":"summary_large_image","twitter_misc":{"Est. tempo de leitura":"7 minutos"},"schema":{"@context":"https:\/\/schema.org","@graph":[{"@type":"WebPage","@id":"https:\/\/lemosadv.com.br\/politica-de-privacidade\/","url":"https:\/\/lemosadv.com.br\/politica-de-privacidade\/","name":"[:pb]Pol\u00edtica de privacidade[:en]Privacy Policy[:] &#8211; Lemos - Advocacia para neg\u00f3cios","isPartOf":{"@id":"https:\/\/lemosadv.com.br\/pb\/#website"},"primaryImageOfPage":{"@id":"https:\/\/lemosadv.com.br\/politica-de-privacidade\/#primaryimage"},"image":{"@id":"https:\/\/lemosadv.com.br\/politica-de-privacidade\/#primaryimage"},"thumbnailUrl":"https:\/\/lemosadv.com.br\/wp-content\/uploads\/2024\/06\/header_areas.jpg","datePublished":"2024-06-26T17:55:19+00:00","dateModified":"2025-06-05T17:15:02+00:00","breadcrumb":{"@id":"https:\/\/lemosadv.com.br\/politica-de-privacidade\/#breadcrumb"},"inLanguage":"pt-BR","potentialAction":[{"@type":"ReadAction","target":["https:\/\/lemosadv.com.br\/politica-de-privacidade\/"]}]},{"@type":"ImageObject","inLanguage":"pt-BR","@id":"https:\/\/lemosadv.com.br\/politica-de-privacidade\/#primaryimage","url":"https:\/\/lemosadv.com.br\/wp-content\/uploads\/2024\/06\/header_areas.jpg","contentUrl":"https:\/\/lemosadv.com.br\/wp-content\/uploads\/2024\/06\/header_areas.jpg","width":1920,"height":1080},{"@type":"BreadcrumbList","@id":"https:\/\/lemosadv.com.br\/politica-de-privacidade\/#breadcrumb","itemListElement":[{"@type":"ListItem","position":1,"name":"In\u00edcio","item":"https:\/\/lemosadv.com.br\/pb\/"},{"@type":"ListItem","position":2,"name":"Pol\u00edtica de privacidade"}]},{"@type":"WebSite","@id":"https:\/\/lemosadv.com.br\/pb\/#website","url":"https:\/\/lemosadv.com.br\/pb\/","name":"Lemos \u2013 Advocacia para Neg\u00f3cios","description":"Escrit\u00f3rio de Advocacia","publisher":{"@id":"https:\/\/lemosadv.com.br\/pb\/#organization"},"alternateName":"Lemos","potentialAction":[{"@type":"SearchAction","target":{"@type":"EntryPoint","urlTemplate":"https:\/\/lemosadv.com.br\/pb\/?s={search_term_string}"},"query-input":{"@type":"PropertyValueSpecification","valueRequired":true,"valueName":"search_term_string"}}],"inLanguage":"pt-BR"},{"@type":"Organization","@id":"https:\/\/lemosadv.com.br\/pb\/#organization","name":"Lemos - Advocacia para neg\u00f3cios","url":"https:\/\/lemosadv.com.br\/pb\/","logo":{"@type":"ImageObject","inLanguage":"pt-BR","@id":"https:\/\/lemosadv.com.br\/pb\/#\/schema\/logo\/image\/","url":"https:\/\/lemosadv.com.br\/wp-content\/uploads\/2024\/06\/favicon.png","contentUrl":"https:\/\/lemosadv.com.br\/wp-content\/uploads\/2024\/06\/favicon.png","width":512,"height":512,"caption":"Lemos - Advocacia para neg\u00f3cios"},"image":{"@id":"https:\/\/lemosadv.com.br\/pb\/#\/schema\/logo\/image\/"},"sameAs":["https:\/\/web.facebook.com\/lemosadvocaciaparanegocios\/","https:\/\/www.instagram.com\/lemosadv_\/","https:\/\/www.linkedin.com\/company\/lemosadvocacia"]}]}},"_links":{"self":[{"href":"https:\/\/lemosadv.com.br\/pb\/wp-json\/wp\/v2\/pages\/172","targetHints":{"allow":["GET"]}}],"collection":[{"href":"https:\/\/lemosadv.com.br\/pb\/wp-json\/wp\/v2\/pages"}],"about":[{"href":"https:\/\/lemosadv.com.br\/pb\/wp-json\/wp\/v2\/types\/page"}],"author":[{"embeddable":true,"href":"https:\/\/lemosadv.com.br\/pb\/wp-json\/wp\/v2\/users\/1"}],"replies":[{"embeddable":true,"href":"https:\/\/lemosadv.com.br\/pb\/wp-json\/wp\/v2\/comments?post=172"}],"version-history":[{"count":4,"href":"https:\/\/lemosadv.com.br\/pb\/wp-json\/wp\/v2\/pages\/172\/revisions"}],"predecessor-version":[{"id":1065,"href":"https:\/\/lemosadv.com.br\/pb\/wp-json\/wp\/v2\/pages\/172\/revisions\/1065"}],"wp:featuredmedia":[{"embeddable":true,"href":"https:\/\/lemosadv.com.br\/pb\/wp-json\/wp\/v2\/media\/127"}],"wp:attachment":[{"href":"https:\/\/lemosadv.com.br\/pb\/wp-json\/wp\/v2\/media?parent=172"}],"curies":[{"name":"wp","href":"https:\/\/api.w.org\/{rel}","templated":true}]}}