{"id":18,"date":"2024-06-21T15:54:03","date_gmt":"2024-06-21T18:54:03","guid":{"rendered":"https:\/\/lemos.letsite.com.br\/?page_id=18"},"modified":"2024-09-23T16:46:43","modified_gmt":"2024-09-23T19:46:43","slug":"profissionais","status":"publish","type":"page","link":"https:\/\/lemosadv.com.br\/pb\/profissionais\/","title":{"rendered":"Profissionais"},"content":{"rendered":"<p>A equipe multidisciplinar do Lemos \u00e9 altamente qualificada para auxiliar os clientes na busca de solu\u00e7\u00f5es adequadas para cada tipo de neg\u00f3cio. Focada na obten\u00e7\u00e3o de resultados e apresenta\u00e7\u00e3o de solu\u00e7\u00f5es jur\u00eddicas inteligentes, a equipe do Lemos alia o profundo conhecimento da legisla\u00e7\u00e3o e o necess\u00e1rio entendimento do neg\u00f3cio de cada cliente \u00e0 reconhecida solidez e seriedade na sua conduta, adotando para si os mais altos princ\u00edpios de compliance.<\/p>","protected":false},"excerpt":{"rendered":"<p>A equipe do Lemos alia o profundo conhecimento da legisla\u00e7\u00e3o e o necess\u00e1rio entendimento do neg\u00f3cio de cada cliente.<\/p>\n","protected":false},"author":1,"featured_media":228,"parent":0,"menu_order":0,"comment_status":"closed","ping_status":"closed","template":"page-profissionais.php","meta":{"_acf_changed":false,"footnotes":""},"class_list":["post-18","page","type-page","status-publish","has-post-thumbnail","hentry"],"acf":[],"yoast_head":"<!-- This site is optimized with the Yoast SEO plugin v27.6 - https:\/\/yoast.com\/product\/yoast-seo-wordpress\/ -->\n<title>Advogados do Lemos - Advocacia para Neg\u00f3cios<\/title>\n<meta name=\"description\" content=\"A equipe do Lemos alia o profundo conhecimento da legisla\u00e7\u00e3o e o necess\u00e1rio entendimento do neg\u00f3cio de cada cliente\" \/>\n<meta name=\"robots\" content=\"index, follow, max-snippet:-1, max-image-preview:large, max-video-preview:-1\" \/>\n<link rel=\"canonical\" href=\"https:\/\/lemosadv.com.br\/pb\/profissionais\/\" \/>\n<meta property=\"og:locale\" content=\"pt_BR\" \/>\n<meta property=\"og:type\" content=\"article\" \/>\n<meta property=\"og:title\" content=\"Advogados do Lemos - Advocacia para Neg\u00f3cios\" \/>\n<meta property=\"og:description\" content=\"A equipe do Lemos alia o profundo conhecimento da legisla\u00e7\u00e3o e o necess\u00e1rio entendimento do neg\u00f3cio de cada cliente\" \/>\n<meta property=\"og:url\" content=\"https:\/\/lemosadv.com.br\/pb\/profissionais\/\" \/>\n<meta property=\"og:site_name\" content=\"Lemos - Advocacia para neg\u00f3cios\" \/>\n<meta property=\"article:publisher\" content=\"https:\/\/web.facebook.com\/lemosadvocaciaparanegocios\/\" \/>\n<meta property=\"article:modified_time\" content=\"2024-09-23T19:46:43+00:00\" \/>\n<meta property=\"og:image\" content=\"https:\/\/lemosadv.com.br\/wp-content\/uploads\/2024\/07\/02header_profissionais.jpg\" \/>\n\t<meta property=\"og:image:width\" content=\"1920\" \/>\n\t<meta property=\"og:image:height\" content=\"801\" \/>\n\t<meta property=\"og:image:type\" content=\"image\/jpeg\" \/>\n<meta name=\"twitter:card\" content=\"summary_large_image\" \/>\n<meta name=\"twitter:label1\" content=\"Est. tempo de leitura\" \/>\n\t<meta name=\"twitter:data1\" content=\"1 minuto\" \/>\n<script type=\"application\/ld+json\" class=\"yoast-schema-graph\">{\"@context\":\"https:\\\/\\\/schema.org\",\"@graph\":[{\"@type\":\"WebPage\",\"@id\":\"https:\\\/\\\/lemosadv.com.br\\\/pb\\\/profissionais\\\/\",\"url\":\"https:\\\/\\\/lemosadv.com.br\\\/pb\\\/profissionais\\\/\",\"name\":\"Advogados do Lemos - Advocacia para Neg\u00f3cios\",\"isPartOf\":{\"@id\":\"https:\\\/\\\/lemosadv.com.br\\\/pb\\\/#website\"},\"primaryImageOfPage\":{\"@id\":\"https:\\\/\\\/lemosadv.com.br\\\/pb\\\/profissionais\\\/#primaryimage\"},\"image\":{\"@id\":\"https:\\\/\\\/lemosadv.com.br\\\/pb\\\/profissionais\\\/#primaryimage\"},\"thumbnailUrl\":\"https:\\\/\\\/lemosadv.com.br\\\/wp-content\\\/uploads\\\/2024\\\/07\\\/02header_profissionais.jpg\",\"datePublished\":\"2024-06-21T18:54:03+00:00\",\"dateModified\":\"2024-09-23T19:46:43+00:00\",\"description\":\"A equipe do Lemos alia o profundo conhecimento da legisla\u00e7\u00e3o e o necess\u00e1rio entendimento do neg\u00f3cio de cada cliente\",\"breadcrumb\":{\"@id\":\"https:\\\/\\\/lemosadv.com.br\\\/pb\\\/profissionais\\\/#breadcrumb\"},\"inLanguage\":\"pt-BR\",\"potentialAction\":[{\"@type\":\"ReadAction\",\"target\":[\"https:\\\/\\\/lemosadv.com.br\\\/pb\\\/profissionais\\\/\"]}]},{\"@type\":\"ImageObject\",\"inLanguage\":\"pt-BR\",\"@id\":\"https:\\\/\\\/lemosadv.com.br\\\/pb\\\/profissionais\\\/#primaryimage\",\"url\":\"https:\\\/\\\/lemosadv.com.br\\\/wp-content\\\/uploads\\\/2024\\\/07\\\/02header_profissionais.jpg\",\"contentUrl\":\"https:\\\/\\\/lemosadv.com.br\\\/wp-content\\\/uploads\\\/2024\\\/07\\\/02header_profissionais.jpg\",\"width\":1920,\"height\":801},{\"@type\":\"BreadcrumbList\",\"@id\":\"https:\\\/\\\/lemosadv.com.br\\\/pb\\\/profissionais\\\/#breadcrumb\",\"itemListElement\":[{\"@type\":\"ListItem\",\"position\":1,\"name\":\"In\u00edcio\",\"item\":\"https:\\\/\\\/lemosadv.com.br\\\/pb\\\/\"},{\"@type\":\"ListItem\",\"position\":2,\"name\":\"Profissionais\"}]},{\"@type\":\"WebSite\",\"@id\":\"https:\\\/\\\/lemosadv.com.br\\\/pb\\\/#website\",\"url\":\"https:\\\/\\\/lemosadv.com.br\\\/pb\\\/\",\"name\":\"Lemos \u2013 Advocacia para Neg\u00f3cios\",\"description\":\"Escrit\u00f3rio de Advocacia\",\"publisher\":{\"@id\":\"https:\\\/\\\/lemosadv.com.br\\\/pb\\\/#organization\"},\"alternateName\":\"Lemos\",\"potentialAction\":[{\"@type\":\"SearchAction\",\"target\":{\"@type\":\"EntryPoint\",\"urlTemplate\":\"https:\\\/\\\/lemosadv.com.br\\\/pb\\\/?s={search_term_string}\"},\"query-input\":{\"@type\":\"PropertyValueSpecification\",\"valueRequired\":true,\"valueName\":\"search_term_string\"}}],\"inLanguage\":\"pt-BR\"},{\"@type\":\"Organization\",\"@id\":\"https:\\\/\\\/lemosadv.com.br\\\/pb\\\/#organization\",\"name\":\"Lemos - Advocacia para neg\u00f3cios\",\"url\":\"https:\\\/\\\/lemosadv.com.br\\\/pb\\\/\",\"logo\":{\"@type\":\"ImageObject\",\"inLanguage\":\"pt-BR\",\"@id\":\"https:\\\/\\\/lemosadv.com.br\\\/pb\\\/#\\\/schema\\\/logo\\\/image\\\/\",\"url\":\"https:\\\/\\\/lemosadv.com.br\\\/wp-content\\\/uploads\\\/2024\\\/06\\\/favicon.png\",\"contentUrl\":\"https:\\\/\\\/lemosadv.com.br\\\/wp-content\\\/uploads\\\/2024\\\/06\\\/favicon.png\",\"width\":512,\"height\":512,\"caption\":\"Lemos - Advocacia para neg\u00f3cios\"},\"image\":{\"@id\":\"https:\\\/\\\/lemosadv.com.br\\\/pb\\\/#\\\/schema\\\/logo\\\/image\\\/\"},\"sameAs\":[\"https:\\\/\\\/web.facebook.com\\\/lemosadvocaciaparanegocios\\\/\",\"https:\\\/\\\/www.instagram.com\\\/lemosadv_\\\/\",\"https:\\\/\\\/www.linkedin.com\\\/company\\\/lemosadvocacia\"]}]}<\/script>\n<!-- \/ Yoast SEO plugin. -->","yoast_head_json":{"title":"Advogados do Lemos - Advocacia para Neg\u00f3cios","description":"A equipe do Lemos alia o profundo conhecimento da legisla\u00e7\u00e3o e o necess\u00e1rio entendimento do neg\u00f3cio de cada cliente","robots":{"index":"index","follow":"follow","max-snippet":"max-snippet:-1","max-image-preview":"max-image-preview:large","max-video-preview":"max-video-preview:-1"},"canonical":"https:\/\/lemosadv.com.br\/pb\/profissionais\/","og_locale":"pt_BR","og_type":"article","og_title":"Advogados do Lemos - Advocacia para Neg\u00f3cios","og_description":"A equipe do Lemos alia o profundo conhecimento da legisla\u00e7\u00e3o e o necess\u00e1rio entendimento do neg\u00f3cio de cada cliente","og_url":"https:\/\/lemosadv.com.br\/pb\/profissionais\/","og_site_name":"Lemos - Advocacia para neg\u00f3cios","article_publisher":"https:\/\/web.facebook.com\/lemosadvocaciaparanegocios\/","article_modified_time":"2024-09-23T19:46:43+00:00","og_image":[{"width":1920,"height":801,"url":"https:\/\/lemosadv.com.br\/wp-content\/uploads\/2024\/07\/02header_profissionais.jpg","type":"image\/jpeg"}],"twitter_card":"summary_large_image","twitter_misc":{"Est. tempo de leitura":"1 minuto"},"schema":{"@context":"https:\/\/schema.org","@graph":[{"@type":"WebPage","@id":"https:\/\/lemosadv.com.br\/pb\/profissionais\/","url":"https:\/\/lemosadv.com.br\/pb\/profissionais\/","name":"Advogados do Lemos - Advocacia para Neg\u00f3cios","isPartOf":{"@id":"https:\/\/lemosadv.com.br\/pb\/#website"},"primaryImageOfPage":{"@id":"https:\/\/lemosadv.com.br\/pb\/profissionais\/#primaryimage"},"image":{"@id":"https:\/\/lemosadv.com.br\/pb\/profissionais\/#primaryimage"},"thumbnailUrl":"https:\/\/lemosadv.com.br\/wp-content\/uploads\/2024\/07\/02header_profissionais.jpg","datePublished":"2024-06-21T18:54:03+00:00","dateModified":"2024-09-23T19:46:43+00:00","description":"A equipe do Lemos alia o profundo conhecimento da legisla\u00e7\u00e3o e o necess\u00e1rio entendimento do neg\u00f3cio de cada cliente","breadcrumb":{"@id":"https:\/\/lemosadv.com.br\/pb\/profissionais\/#breadcrumb"},"inLanguage":"pt-BR","potentialAction":[{"@type":"ReadAction","target":["https:\/\/lemosadv.com.br\/pb\/profissionais\/"]}]},{"@type":"ImageObject","inLanguage":"pt-BR","@id":"https:\/\/lemosadv.com.br\/pb\/profissionais\/#primaryimage","url":"https:\/\/lemosadv.com.br\/wp-content\/uploads\/2024\/07\/02header_profissionais.jpg","contentUrl":"https:\/\/lemosadv.com.br\/wp-content\/uploads\/2024\/07\/02header_profissionais.jpg","width":1920,"height":801},{"@type":"BreadcrumbList","@id":"https:\/\/lemosadv.com.br\/pb\/profissionais\/#breadcrumb","itemListElement":[{"@type":"ListItem","position":1,"name":"In\u00edcio","item":"https:\/\/lemosadv.com.br\/pb\/"},{"@type":"ListItem","position":2,"name":"Profissionais"}]},{"@type":"WebSite","@id":"https:\/\/lemosadv.com.br\/pb\/#website","url":"https:\/\/lemosadv.com.br\/pb\/","name":"Lemos \u2013 Advocacia para Neg\u00f3cios","description":"Escrit\u00f3rio de Advocacia","publisher":{"@id":"https:\/\/lemosadv.com.br\/pb\/#organization"},"alternateName":"Lemos","potentialAction":[{"@type":"SearchAction","target":{"@type":"EntryPoint","urlTemplate":"https:\/\/lemosadv.com.br\/pb\/?s={search_term_string}"},"query-input":{"@type":"PropertyValueSpecification","valueRequired":true,"valueName":"search_term_string"}}],"inLanguage":"pt-BR"},{"@type":"Organization","@id":"https:\/\/lemosadv.com.br\/pb\/#organization","name":"Lemos - Advocacia para neg\u00f3cios","url":"https:\/\/lemosadv.com.br\/pb\/","logo":{"@type":"ImageObject","inLanguage":"pt-BR","@id":"https:\/\/lemosadv.com.br\/pb\/#\/schema\/logo\/image\/","url":"https:\/\/lemosadv.com.br\/wp-content\/uploads\/2024\/06\/favicon.png","contentUrl":"https:\/\/lemosadv.com.br\/wp-content\/uploads\/2024\/06\/favicon.png","width":512,"height":512,"caption":"Lemos - Advocacia para neg\u00f3cios"},"image":{"@id":"https:\/\/lemosadv.com.br\/pb\/#\/schema\/logo\/image\/"},"sameAs":["https:\/\/web.facebook.com\/lemosadvocaciaparanegocios\/","https:\/\/www.instagram.com\/lemosadv_\/","https:\/\/www.linkedin.com\/company\/lemosadvocacia"]}]}},"_links":{"self":[{"href":"https:\/\/lemosadv.com.br\/pb\/wp-json\/wp\/v2\/pages\/18","targetHints":{"allow":["GET"]}}],"collection":[{"href":"https:\/\/lemosadv.com.br\/pb\/wp-json\/wp\/v2\/pages"}],"about":[{"href":"https:\/\/lemosadv.com.br\/pb\/wp-json\/wp\/v2\/types\/page"}],"author":[{"embeddable":true,"href":"https:\/\/lemosadv.com.br\/pb\/wp-json\/wp\/v2\/users\/1"}],"replies":[{"embeddable":true,"href":"https:\/\/lemosadv.com.br\/pb\/wp-json\/wp\/v2\/comments?post=18"}],"version-history":[{"count":7,"href":"https:\/\/lemosadv.com.br\/pb\/wp-json\/wp\/v2\/pages\/18\/revisions"}],"predecessor-version":[{"id":513,"href":"https:\/\/lemosadv.com.br\/pb\/wp-json\/wp\/v2\/pages\/18\/revisions\/513"}],"wp:featuredmedia":[{"embeddable":true,"href":"https:\/\/lemosadv.com.br\/pb\/wp-json\/wp\/v2\/media\/228"}],"wp:attachment":[{"href":"https:\/\/lemosadv.com.br\/pb\/wp-json\/wp\/v2\/media?parent=18"}],"curies":[{"name":"wp","href":"https:\/\/api.w.org\/{rel}","templated":true}]}}